{"id":1130,"date":"2024-01-12T15:25:31","date_gmt":"2024-01-12T15:25:31","guid":{"rendered":"https:\/\/www.adr-logistics.hu\/?page_id=1130"},"modified":"2026-04-09T12:32:16","modified_gmt":"2026-04-09T12:32:16","slug":"monthly-fuel-price","status":"publish","type":"page","link":"https:\/\/www.adr-logistics.hu\/en\/havi-uzemanyagar\/","title":{"rendered":"Havi \u00dczemanyag\u00e1r"},"content":{"rendered":"<p>[et_pb_section fb_built=&#8221;1&#8243; custom_padding_last_edited=&#8221;on|phone&#8221; admin_label=&#8221;Section &#8211; About header&#8221; _builder_version=&#8221;4.20.4&#8243; background_color=&#8221;#dedede&#8221; background_enable_image=&#8221;off&#8221; parallax=&#8221;on&#8221; parallax_method=&#8221;off&#8221; custom_padding=&#8221;7px||173px||false|false&#8221; custom_padding_tablet=&#8221;100px||100px|&#8221; custom_padding_phone=&#8221;75px||75px|&#8221; global_colors_info=&#8221;{}&#8221;][et_pb_row _builder_version=&#8221;4.23.4&#8243; background_size=&#8221;initial&#8221; background_position=&#8221;top_left&#8221; background_repeat=&#8221;repeat&#8221; module_alignment=&#8221;center&#8221; global_colors_info=&#8221;{}&#8221;][et_pb_column type=&#8221;4_4&#8243; _builder_version=&#8221;4.19.5&#8243; custom_padding=&#8221;|||&#8221; global_colors_info=&#8221;{}&#8221; custom_padding__hover=&#8221;|||&#8221;][et_pb_text admin_label=&#8221;About Page Top Header &#8211; Text&#8221; _builder_version=&#8221;4.23.4&#8243; text_font=&#8221;|300|||||||&#8221; text_font_size=&#8221;20px&#8221; header_font=&#8221;|700||on|||||&#8221; header_text_color=&#8221;gcid-51fc1cf8-6e7d-40d2-a24b-37bd077c2691&#8243; header_font_size=&#8221;60px&#8221; header_line_height=&#8221;1.6em&#8221; text_orientation=&#8221;center&#8221; module_alignment=&#8221;center&#8221; text_font_size_tablet=&#8221;19px&#8221; text_font_size_phone=&#8221;17px&#8221; text_font_size_last_edited=&#8221;on|phone&#8221; header_font_size_tablet=&#8221;50px&#8221; header_font_size_phone=&#8221;29px&#8221; header_font_size_last_edited=&#8221;on|tablet&#8221; global_colors_info=&#8221;{%22gcid-51fc1cf8-6e7d-40d2-a24b-37bd077c2691%22:%91%22header_text_color%22%93}&#8221;]<\/p>\n<h1>Havi \u00fczemanyag\u00e1r<\/h1>\n<p>&nbsp;[\/et_pb_text][et_pb_text _builder_version=&#8221;4.23.4&#8243; _module_preset=&#8221;default&#8221; text_font_size=&#8221;17px&#8221; global_colors_info=&#8221;{}&#8221;]<\/p>\n<p style=\"text-align: center;\">A lenti t\u00e1bl\u00e1zatban l\u00e1that\u00f3ak a c\u00e9g\u00fcnk \u00e1ltal havonta haszn\u00e1lt \u00fczemanyag\u00e1rak.<br \/>Forr\u00e1s: <a href=\"https:\/\/energy.ec.europa.eu\/data-and-analysis\/weekly-oil-bulletin_en\" target=\"_blank\" rel=\"noopener\">https:\/\/energy.ec.europa.eu\/data-and-analysis\/weekly-oil-bulletin_en<\/a><\/p>\n<p>[\/et_pb_text][et_pb_code _builder_version=&#8221;4.27.6&#8243; _module_preset=&#8221;default&#8221; text_orientation=&#8221;center&#8221; module_alignment=&#8221;center&#8221; hover_enabled=&#8221;0&#8243; global_colors_info=&#8221;{}&#8221; sticky_enabled=&#8221;0&#8243;]<center><\/p>\n<table style=\"width: 80%;border-style: solid;border-width: medium;\">\n<tbody>\n<tr style=\"border-style: solid;  border-width: medium;\">\n<td style=\"width: 70%;background-color:#1d3e5c;color:white;\">Diesel<\/td>\n<td style=\"width: 30%;background-color:#1d3e5c;color:white;\">Ft \/ l<!-- [et_pb_line_break_holder] --><\/td>\n<\/tr>\n<tr style=\"background-color:#e7e5e5;\">\n<td>\u00c1prilis<\/td>\n<td>612<!-- [et_pb_line_break_holder] --><\/td>\n<\/tr>\n<tr>\n<td>M\u00e1rcius<\/td>\n<td>575<!-- [et_pb_line_break_holder] --><\/td>\n<\/tr>\n<tr style=\"background-color:#e7e5e5;\">\n<td>Febru\u00e1r<\/td>\n<td>569<!-- [et_pb_line_break_holder] --><\/td>\n<\/tr>\n<\/tbody>\n<\/table>\n<p><\/center>[\/et_pb_code][\/et_pb_column][\/et_pb_row][\/et_pb_section][et_pb_section fb_built=&#8221;1&#8243; custom_padding_last_edited=&#8221;on|desktop&#8221; admin_label=&#8221;Section &#8211; About content&#8221; _builder_version=&#8221;4.16&#8243; custom_padding=&#8221;0px||10px|&#8221; custom_padding_tablet=&#8221;50px|||&#8221; custom_padding_phone=&#8221;&#8221; global_colors_info=&#8221;{}&#8221;][\/et_pb_section][et_pb_section fb_built=&#8221;1&#8243; _builder_version=&#8221;4.19.5&#8243; _module_preset=&#8221;default&#8221; custom_margin=&#8221;0px||0px||false|false&#8221; custom_padding=&#8221;0px||0px||false|false&#8221; global_colors_info=&#8221;{}&#8221;][et_pb_row _builder_version=&#8221;4.19.5&#8243; _module_preset=&#8221;default&#8221; global_colors_info=&#8221;{}&#8221;][et_pb_column type=&#8221;4_4&#8243; _builder_version=&#8221;4.19.5&#8243; _module_preset=&#8221;default&#8221; global_colors_info=&#8221;{}&#8221;][et_pb_divider show_divider=&#8221;off&#8221; _builder_version=&#8221;4.19.5&#8243; _module_preset=&#8221;default&#8221; global_colors_info=&#8221;{}&#8221;][\/et_pb_divider][\/et_pb_column][\/et_pb_row][\/et_pb_section]<\/p>\n","protected":false},"excerpt":{"rendered":"<p>Havi \u00fczemanyag\u00e1r &nbsp;A lenti t\u00e1bl\u00e1zatban l\u00e1that\u00f3ak a c\u00e9g\u00fcnk \u00e1ltal havonta haszn\u00e1lt \u00fczemanyag\u00e1rak.Forr\u00e1s: https:\/\/energy.ec.europa.eu\/data-and-analysis\/weekly-oil-bulletin_en<\/p>","protected":false},"author":1,"featured_media":0,"parent":0,"menu_order":0,"comment_status":"closed","ping_status":"closed","template":"","meta":{"_et_pb_use_builder":"on","_et_pb_old_content":"","_et_gb_content_width":"","footnotes":""},"class_list":["post-1130","page","type-page","status-publish","hentry"],"_links":{"self":[{"href":"https:\/\/www.adr-logistics.hu\/en\/wp-json\/wp\/v2\/pages\/1130","targetHints":{"allow":["GET"]}}],"collection":[{"href":"https:\/\/www.adr-logistics.hu\/en\/wp-json\/wp\/v2\/pages"}],"about":[{"href":"https:\/\/www.adr-logistics.hu\/en\/wp-json\/wp\/v2\/types\/page"}],"author":[{"embeddable":true,"href":"https:\/\/www.adr-logistics.hu\/en\/wp-json\/wp\/v2\/users\/1"}],"replies":[{"embeddable":true,"href":"https:\/\/www.adr-logistics.hu\/en\/wp-json\/wp\/v2\/comments?post=1130"}],"version-history":[{"count":35,"href":"https:\/\/www.adr-logistics.hu\/en\/wp-json\/wp\/v2\/pages\/1130\/revisions"}],"predecessor-version":[{"id":1581,"href":"https:\/\/www.adr-logistics.hu\/en\/wp-json\/wp\/v2\/pages\/1130\/revisions\/1581"}],"wp:attachment":[{"href":"https:\/\/www.adr-logistics.hu\/en\/wp-json\/wp\/v2\/media?parent=1130"}],"curies":[{"name":"wp","href":"https:\/\/api.w.org\/{rel}","templated":true}]}}