{"id":1538,"date":"2026-02-19T12:58:06","date_gmt":"2026-02-19T12:58:06","guid":{"rendered":"https:\/\/www.adr-logistics.hu\/?page_id=1538"},"modified":"2026-02-19T13:06:06","modified_gmt":"2026-02-19T13:06:06","slug":"general-terms-and-conditions","status":"publish","type":"page","link":"https:\/\/www.adr-logistics.hu\/en\/altalanos-szerzodesi-feltetelek\/","title":{"rendered":"General Terms and Conditions"},"content":{"rendered":"<p>[et_pb_section fb_built=&#8221;1&#8243; admin_label=&#8221;section&#8221; _builder_version=&#8221;4.27.5&#8243; hover_enabled=&#8221;0&#8243; global_colors_info=&#8221;{}&#8221; background_color=&#8221;#dedede&#8221; sticky_enabled=&#8221;0&#8243; custom_margin=&#8221;||5%||false|false&#8221;][et_pb_row admin_label=&#8221;row&#8221; _builder_version=&#8221;4.27.5&#8243; background_size=&#8221;initial&#8221; background_position=&#8221;top_left&#8221; background_repeat=&#8221;repeat&#8221; hover_enabled=&#8221;0&#8243; global_colors_info=&#8221;{}&#8221; custom_margin=&#8221;0px||||false|false&#8221; custom_padding=&#8221;0px||||false|false&#8221; sticky_enabled=&#8221;0&#8243;][et_pb_column type=&#8221;4_4&#8243; _builder_version=&#8221;4.16&#8243; custom_padding=&#8221;|||&#8221; global_colors_info=&#8221;{}&#8221; custom_padding__hover=&#8221;|||&#8221;][et_pb_text admin_label=&#8221;Text&#8221; _builder_version=&#8221;4.27.5&#8243; background_size=&#8221;initial&#8221; background_position=&#8221;top_left&#8221; background_repeat=&#8221;repeat&#8221; hover_enabled=&#8221;0&#8243; global_colors_info=&#8221;{%22gcid-primary-color%22:%91%22header_text_color%22%93}&#8221; sticky_enabled=&#8221;0&#8243; header_text_color=&#8221;gcid-primary-color&#8221; header_line_height=&#8221;1.1em&#8221; header_font=&#8221;|700||on|||||&#8221; header_font_size=&#8221;38px&#8221; header_font_size_last_edited=&#8221;on|desktop&#8221; header_font_size_phone=&#8221;24px&#8221; header_font_size_tablet=&#8221;38px&#8221;]<\/p>\n<h1 style=\"text-align: center;\">\u00c1ltal\u00e1nos szerz\u0151d\u00e9si felt\u00e9telek<\/h1>\n<p>&nbsp;<\/p>\n<p>[\/et_pb_text][et_pb_text _builder_version=&#8221;4.27.5&#8243; _module_preset=&#8221;default&#8221; hover_enabled=&#8221;0&#8243; sticky_enabled=&#8221;0&#8243;]<\/p>\n<p><span>A mindenkor \u00e9rv\u00e9nyes <span style=\"text-decoration: underline;\"><a href=\"https:\/\/www.adr-logistics.hu\/wp-content\/uploads\/ADRL_ASZF.pdf\" target=\"_blank\" rel=\"noopener\">\u00c1ltal\u00e1nos Szerz\u0151d\u00e9si Felt\u00e9teleink<\/a><\/span>. \u00c9rv\u00e9nyes 2026.02.15-t\u0151l<\/span><\/p>\n<p>[\/et_pb_text][\/et_pb_column][\/et_pb_row][\/et_pb_section]<\/p>\n","protected":false},"excerpt":{"rendered":"<p>\u00c1ltal\u00e1nos szerz\u0151d\u00e9si felt\u00e9telek &nbsp;A mindenkor \u00e9rv\u00e9nyes \u00c1ltal\u00e1nos Szerz\u0151d\u00e9si Felt\u00e9teleink. \u00c9rv\u00e9nyes 2026.02.15-t\u0151l<\/p>","protected":false},"author":1,"featured_media":0,"parent":0,"menu_order":0,"comment_status":"closed","ping_status":"closed","template":"","meta":{"_et_pb_use_builder":"on","_et_pb_old_content":"<!-- wp:paragraph -->\n<p><\/p>\n<!-- \/wp:paragraph -->\n\n<!-- wp:paragraph -->\n<p><strong>Adatkezel\u00e9si T\u00e1j\u00e9koztat\u00f3<\/strong><\/p>\n<!-- \/wp:paragraph -->\n\n<!-- wp:paragraph -->\n<p>A term\u00e9szetes szem\u00e9lyeknek a szem\u00e9lyes adatok kezel\u00e9se tekintet\u00e9ben t\u00f6rt\u00e9n\u0151 v\u00e9delm\u00e9r\u0151l \u00e9s az ilyen adatok szabad \u00e1raml\u00e1s\u00e1r\u00f3l, valamint a 95\/46\/EK rendelet hat\u00e1lyon k\u00edv\u00fcl helyez\u00e9s\u00e9r\u0151l sz\u00f3l\u00f3 2016. \u00e1prilis 27-ei 2016\/679 Eur\u00f3pai Parlamenti \u00e9s Tan\u00e1csi (EU) rendelet (al\u00e1bbiakban: GDPR) 13. \u00e9s 14. cikkei alapj\u00e1n az Adatkezel\u0151 az \u00e9rintettek r\u00e9sz\u00e9re a szem\u00e9lyes adatok kezel\u00e9s\u00e9vel kapcsolatban az al\u00e1bbi t\u00e1j\u00e9koztat\u00e1st adja.<strong>&nbsp;<\/strong><\/p>\n<!-- \/wp:paragraph -->\n\n<!-- wp:paragraph -->\n<p><strong>Adatkezel\u0151 adatai, el\u00e9rhet\u0151s\u00e9ge<\/strong><\/p>\n<!-- \/wp:paragraph -->\n\n<!-- wp:paragraph -->\n<p>\u2013 ADR Logistics Kft.<br>\u2013 \u00dcgyvezet\u0151: Zeher Bal\u00e1zs<br>\u2013 Sz\u00e9khely: 2360 Gy\u00e1l, Ak\u00e1cliget Logisztikai K\u00f6zpont Gorcsev Iv\u00e1n utca 5. sz.<br>\u2013 C\u00e9gjegyz\u00e9ksz\u00e1m: 13-09-119071<br>\u2013 telefon: +36 20 771-7650<br>\u2013 bejelent\u00e9s e-maienl:&nbsp;<a href=\"mailto:info@adr-logistics.hu\">info@adr-logistics.hu<\/a><\/p>\n<!-- \/wp:paragraph -->\n\n<!-- wp:paragraph -->\n<p><strong>Az adatkezel\u00e9s c\u00e9lja<\/strong><\/p>\n<!-- \/wp:paragraph -->\n\n<!-- wp:paragraph -->\n<p>A szerz\u0151d\u00f6tt partnerekkel megk\u00f6t\u00f6tt szerz\u0151d\u00e9sek teljes\u00edt\u00e9se \u00e9rdek\u00e9ben sz\u00fcks\u00e9ges kapcsolattart\u00e1s, szerz\u0151d\u00e9s el\u0151k\u00e9sz\u00edt\u00e9se a szerz\u0151d\u0151 f\u00e9l \u00e1ltal kijel\u00f6lt kapcsolattart\u00f3k \u00fatj\u00e1n.<\/p>\n<!-- \/wp:paragraph -->\n\n<!-- wp:paragraph -->\n<p><strong>Kezelt adatok k\u00f6re<\/strong><\/p>\n<!-- \/wp:paragraph -->\n\n<!-- wp:paragraph -->\n<p>Az Adatkezel\u0151vel szerz\u0151d\u0151 f\u00e9l szerz\u0151d\u00e9ses kapcsolattart\u00f3j\u00e1nak neve, telefonsz\u00e1ma, e-mail c\u00edme, online azonos\u00edt\u00f3ja \u2013 login n\u00e9v.<\/p>\n<!-- \/wp:paragraph -->\n\n<!-- wp:paragraph -->\n<p><strong>Adatkezel\u00e9s jogalapja<\/strong><\/p>\n<!-- \/wp:paragraph -->\n\n<!-- wp:paragraph -->\n<p>Az adatkezel\u00e9s jogalapja az Adatkezel\u0151 jogos \u00e9rdeke.<\/p>\n<!-- \/wp:paragraph -->\n\n<!-- wp:paragraph -->\n<p><strong>Adatt\u00e1rol\u00e1s hat\u00e1rideje<\/strong><\/p>\n<!-- \/wp:paragraph -->\n\n<!-- wp:paragraph -->\n<p>A szerz\u0151d\u00e9s megsz\u0171n\u00e9se + jogi ig\u00e9nyek \u00e9rv\u00e9nyes\u00edt\u00e9s\u00e9nek hat\u00e1rideje vagy utols\u00f3 sikeres kapcsolatfelv\u00e9telt k\u00f6vet\u0151 5 \u00e9v.<\/p>\n<!-- \/wp:paragraph -->\n\n<!-- wp:paragraph -->\n<p><strong>Adattov\u00e1bb\u00edt\u00e1s<\/strong><\/p>\n<!-- \/wp:paragraph -->\n\n<!-- wp:paragraph -->\n<p>Az adatokat nem tov\u00e1bb\u00edtjuk harmadik orsz\u00e1gba vagy nemzetk\u00f6zi szervezet r\u00e9sz\u00e9re.<\/p>\n<!-- \/wp:paragraph -->\n\n<!-- wp:paragraph -->\n<p><strong>Napl\u00f3f\u00e1jlok<\/strong><\/p>\n<!-- \/wp:paragraph -->\n\n<!-- wp:paragraph -->\n<p>Mint sok m\u00e1s weboldal, a www.adr-logistics.hu haszn\u00e1l napl\u00f3f\u00e1jlokat. Ezek a f\u00e1jlok napl\u00f3zz\u00e1k a l\u00e1togat\u00f3kat az oldalon. A kezelt adatok k\u00f6re \u2013 napl\u00f3f\u00e1jlokban t\u00e1rolt inform\u00e1ci\u00f3k tartalmazz\u00e1k az internet protokoll (IP) c\u00edmeket, a b\u00f6ng\u00e9sz\u0151 t\u00edpus\u00e1t, az internetszolg\u00e1ltat\u00f3t (ISP), a d\u00e1tum\/id\u0151 b\u00e9lyegz\u0151t, a hivatkoz\u00f3\/kil\u00e9p\u0151 oldalakat, \u00e9s a kattint\u00e1sok sz\u00e1m\u00e1t. Ezek az inform\u00e1ci\u00f3k trendek elemz\u00e9s\u00e9re, az oldal adminisztr\u00e1l\u00e1s\u00e1ra, a felhaszn\u00e1l\u00f3 mozg\u00e1s\u00e1nak k\u00f6vet\u00e9s\u00e9re az oldalon, \u00e9s a demogr\u00e1fiai adatok begy\u0171jt\u00e9s\u00e9re ker\u00fclnek felhaszn\u00e1l\u00e1sra. Az IP c\u00edmek \u00e9s hasonl\u00f3 jelleg\u0171 inform\u00e1ci\u00f3k nem kapcsol\u00f3dnak semmilyen szem\u00e9lyesen beazonos\u00edthat\u00f3 inform\u00e1ci\u00f3hoz.<\/p>\n<!-- \/wp:paragraph -->\n\n<!-- wp:paragraph -->\n<p><strong>Adatkezel\u00e9s c\u00e9lja<\/strong><\/p>\n<!-- \/wp:paragraph -->\n\n<!-- wp:paragraph -->\n<p>Online megjelen\u00e9ssel kapcsolatos felhaszn\u00e1l\u00f3i adatkezel\u00e9sek. Napl\u00f3z\u00e1si (szervernapl\u00f3) \u00e9s biztons\u00e1gi c\u00e9lb\u00f3l, valamint a webhely szolg\u00e1ltat\u00e1sainak ny\u00fajt\u00e1sa, m\u0171k\u00f6d\u0151k\u00e9pess\u00e9g\u00e9nek monitoroz\u00e1sa \u00e9s v\u00e9delme c\u00e9lj\u00e1b\u00f3l eszk\u00f6zadatok, illetve az \u00e9rintett \u00e1ltal megadott szem\u00e9lyes adatok kezel\u00e9se.<\/p>\n<!-- \/wp:paragraph -->\n\n<!-- wp:paragraph -->\n<p><strong>Adatkezel\u00e9s jogalapja<\/strong><\/p>\n<!-- \/wp:paragraph -->\n\n<!-- wp:paragraph -->\n<p>Az adatkezel\u00e9s jogalapja az Adatkezel\u0151 jogos \u00e9rdeke.<\/p>\n<!-- \/wp:paragraph -->\n\n<!-- wp:paragraph -->\n<p><strong>Adatt\u00e1rol\u00e1s hat\u00e1rideje<\/strong><\/p>\n<!-- \/wp:paragraph -->\n\n<!-- wp:paragraph -->\n<p>6 h\u00f3nap<\/p>\n<!-- \/wp:paragraph -->\n\n<!-- wp:paragraph -->\n<p><strong>Adatkezel\u0151 cookie kezel\u00e9si gyakorlata<\/strong><\/p>\n<!-- \/wp:paragraph -->\n\n<!-- wp:paragraph -->\n<p>A cookie egy karaktersort tartalmaz\u00f3 f\u00e1jl, amely a webhely l\u00e1togat\u00e1sakor a sz\u00e1m\u00edt\u00f3g\u00e9pre ker\u00fcl. Amikor az adott webhelyet a l\u00e1togat\u00f3 ism\u00e9t felkeresi, a cookie-nak k\u00f6sz\u00f6nhet\u0151en a webhely k\u00e9pes felismerni az \u00e9rintett b\u00f6ng\u00e9sz\u0151j\u00e9t.<\/p>\n<!-- \/wp:paragraph -->\n\n<!-- wp:paragraph -->\n<p>A cookie-k t\u00e1rolhatnak felhaszn\u00e1l\u00f3i be\u00e1ll\u00edt\u00e1sokat \u00e9s egy\u00e9b inform\u00e1ci\u00f3kat is a weboldalra vonatkoz\u00f3an.<\/p>\n<!-- \/wp:paragraph -->\n\n<!-- wp:paragraph -->\n<p>A b\u00f6ng\u00e9sz\u0151 be\u00e1ll\u00edt\u00e1sai k\u00f6z\u00f6tt hangolhat\u00f3, hogy az utas\u00edtsa el az \u00f6sszes cookie-t, vagy jelezze, ha a rendszer egy cookie-t k\u00fcld, de felh\u00edvjuk a figyelm\u00e9t, hogy cookie n\u00e9lk\u00fcl bizonyos funkci\u00f3k lehet, hogy nem megfelel\u0151en m\u0171k\u00f6dnek a webhelyen.<\/p>\n<!-- \/wp:paragraph -->\n\n<!-- wp:paragraph -->\n<p>Az ADR Logistics Kft. kiz\u00e1r\u00f3lag felt\u00e9tlen\u00fcl sz\u00fcks\u00e9ges cookie-kat haszn\u00e1l a webhely \u00fczemeltet\u00e9se sor\u00e1n. Az ilyen cookie-k n\u00e9lk\u00fcl\u00f6zhetetlenek a webhely megfelel\u0151 m\u0171k\u00f6d\u00e9s\u00e9hez. Az ilyen cookie-k nem gy\u0171jtenek olyan szem\u00e9lyes adatokat az \u00e9rintett\u0151l, amely pl. marketing c\u00e9lra felhaszn\u00e1lhat\u00f3ak lenn\u00e9nek. Az ilyen cookie arr\u00f3l gy\u0171jt inform\u00e1ci\u00f3t, hogy a webhely megfelel\u0151en m\u0171k\u00f6dik-e, a m\u0171k\u00f6d\u00e9sben tapasztalhat\u00f3k-e hib\u00e1k.<\/p>\n<!-- \/wp:paragraph -->\n\n<!-- wp:paragraph -->\n<p>A funkcion\u00e1lis cookie-k biztos\u00edtj\u00e1k a weboldal megfelel\u0151 megjelen\u00edt\u00e9s\u00e9t, megjegyzik p\u00e9ld\u00e1ul az \u00e9rintett \u00e1ltal kor\u00e1bban v\u00e1lasztott be\u00e1llt\u00e1sokat (pl. orsz\u00e1g\/nyelv, arculat\/sz\u00edn, bet\u0171m\u00e9ret stb.).<\/p>\n<!-- \/wp:paragraph -->\n\n<!-- wp:paragraph -->\n<p><strong>Kezelt adatok k\u00f6re<\/strong><\/p>\n<!-- \/wp:paragraph -->\n\n<!-- wp:paragraph -->\n<p>Az Adatkezel\u0151 a weboldal felhaszn\u00e1l\u00f3inak al\u00e1bbi eszk\u00f6zadatait kezeli: IP c\u00edm, b\u00f6ng\u00e9sz\u0151 vagy oper\u00e1ci\u00f3s rendszer t\u00edpusa, nyelve, weboldal l\u00e1togat\u00e1s\u00e1nak kezd\u0151 \u00e9s befejez\u0151 id\u0151pontja.<\/p>\n<!-- \/wp:paragraph -->\n\n<!-- wp:paragraph -->\n<p><strong>Adatkezel\u00e9s jogalapja<\/strong><\/p>\n<!-- \/wp:paragraph -->\n\n<!-- wp:paragraph -->\n<p>Az adatkezel\u00e9s jogalapja az Adatkezel\u0151 jogos \u00e9rdeke.<\/p>\n<!-- \/wp:paragraph -->\n\n<!-- wp:paragraph -->\n<p><strong>Adatt\u00e1rol\u00e1s hat\u00e1rideje<\/strong><\/p>\n<!-- \/wp:paragraph -->\n\n<!-- wp:paragraph -->\n<p>Az adat keletkez\u00e9s\u00e9t\u0151l sz\u00e1m\u00edtott 6 h\u00f3nap.<\/p>\n<!-- \/wp:paragraph -->\n\n<!-- wp:paragraph -->\n<p><strong>Adattov\u00e1bb\u00edt\u00e1s<\/strong><\/p>\n<!-- \/wp:paragraph -->\n\n<!-- wp:paragraph -->\n<p>Az adatokat nem tov\u00e1bb\u00edtjuk harmadik orsz\u00e1gba vagy nemzetk\u00f6zi szervezet r\u00e9sz\u00e9re.<strong>&nbsp;<\/strong><\/p>\n<!-- \/wp:paragraph -->\n\n<!-- wp:paragraph -->\n<p><strong>Adatfeldolgoz\u00f3<\/strong><\/p>\n<!-- \/wp:paragraph -->\n\n<!-- wp:paragraph -->\n<p>Honlapunk \u00fczemeltet\u00e9s\u00e9re adatfeldolgoz\u00f3t vesz\u00fcnk ig\u00e9nybe: Animated Light Europe Kft. H-1119 Budapest, Feh\u00e9rv\u00e1ri \u00fat 83.<\/p>\n<!-- \/wp:paragraph -->\n\n<!-- wp:paragraph -->\n<p><strong>Automatiz\u00e1lt d\u00f6nt\u00e9shozatal<\/strong><\/p>\n<!-- \/wp:paragraph -->\n\n<!-- wp:paragraph -->\n<p>T\u00e1j\u00e9koztatjuk, hogy az Adatkezel\u0151 r\u00e9sz\u00e9r\u0151l jelen t\u00e1j\u00e9koztat\u00f3 szerinti szem\u00e9lyes adatok tekintet\u00e9ben profilalkot\u00e1s, automatikus d\u00f6nt\u00e9shozatal nincs.<\/p>\n<!-- \/wp:paragraph -->\n\n<!-- wp:paragraph -->\n<p><strong>Adatbiztons\u00e1g<\/strong><\/p>\n<!-- \/wp:paragraph -->\n\n<!-- wp:paragraph -->\n<p>Az Adatkezel\u0151 a technika mindenkori fejletts\u00e9g\u00e9re tekintettel olyan m\u0171szaki, szervez\u00e9si \u00e9s szervezeti int\u00e9zked\u00e9sekkel gondoskodik az adatkezel\u00e9s biztons\u00e1g\u00e1nak v\u00e9delm\u00e9r\u0151l, amely az adatkezel\u00e9ssel kapcsolatban jelentkez\u0151 kock\u00e1zatoknak megfelel\u0151 v\u00e9delmi szintet ny\u00fajt.<\/p>\n<!-- \/wp:paragraph -->\n\n<!-- wp:paragraph -->\n<p>A szem\u00e9lyes adatok kezel\u00e9s\u00e9hez az alkalmazott informatikai eszk\u00f6z\u00f6ket \u00fagy v\u00e1lasztjuk meg \u00e9s \u00fczemeltetj\u00fck, hogy a kezelt adat: az arra feljogos\u00edtottak sz\u00e1m\u00e1ra hozz\u00e1f\u00e9rhet\u0151 (rendelkez\u00e9sre \u00e1ll\u00e1s); hiteless\u00e9ge \u00e9s hiteles\u00edt\u00e9se biztos\u00edtott (adatkezel\u00e9s hiteless\u00e9ge); v\u00e1ltozatlans\u00e1ga igazolhat\u00f3 (adatintegrit\u00e1s); a jogosulatlan hozz\u00e1f\u00e9r\u00e9s ellen v\u00e9dett (adat bizalmass\u00e1ga) legyen.<\/p>\n<!-- \/wp:paragraph -->\n\n<!-- wp:paragraph -->\n<p>Az adatokat megfelel\u0151 int\u00e9zked\u00e9sekkel v\u00e9dj\u00fck a v\u00e9letlen vagy jogellenes megsemmis\u00edt\u00e9s, elveszt\u00e9s, megv\u00e1ltoztat\u00e1s, s\u00e9r\u00fcl\u00e9s, jogosulatlan nyilv\u00e1noss\u00e1gra hozatal vagy az azokhoz val\u00f3 jogosulatlan hozz\u00e1f\u00e9r\u00e9s ellen. A szem\u00e9lyes adatokhoz val\u00f3 hozz\u00e1f\u00e9r\u00e9st jogosults\u00e1gi szintek megad\u00e1s\u00e1val korl\u00e1tozzuk. Az informatikai rendszereket t\u0171zfallal v\u00e9dj\u00fck, \u00e9s v\u00edrusv\u00e9delemmel l\u00e1tjuk el. Az elektronikus adatkezel\u00e9s sor\u00e1n biztos\u00edtjuk, hogy az adatokhoz csak c\u00e9lhoz k\u00f6t\u00f6tten, ellen\u0151rz\u00f6tt k\u00f6r\u00fclm\u00e9nyek k\u00f6z\u00f6tt csak azon szem\u00e9lyek f\u00e9rjenek hozz\u00e1, akiknek a feladataik ell\u00e1t\u00e1sa \u00e9rdek\u00e9ben erre sz\u00fcks\u00e9g\u00fck van. A k\u00fcl\u00f6nb\u00f6z\u0151 nyilv\u00e1ntart\u00e1sainkban elektronikusan kezelt adat\u00e1llom\u00e1nyok v\u00e9delme \u00e9rdek\u00e9ben megfelel\u0151 technikai megold\u00e1ssal biztos\u00edtjuk, hogy a t\u00e1rolt adatok \u2013 kiv\u00e9ve, ha azt t\u00f6rv\u00e9ny lehet\u0151v\u00e9 teszi \u2013 k\u00f6zvetlen\u00fcl ne legyenek \u00f6sszekapcsolhat\u00f3k \u00e9s az \u00e9rintetthez rendelhet\u0151k.<\/p>\n<!-- \/wp:paragraph -->\n\n<!-- wp:paragraph -->\n<p>Az Adatkezel\u0151 nyilv\u00e1ntartja az esetleges adatv\u00e9delmi incidenseket, felt\u00fcntetve az adatv\u00e9delmi incidenshez kapcsol\u00f3d\u00f3 t\u00e9nyeket, annak hat\u00e1sait \u00e9s az orvosl\u00e1s\u00e1ra tett int\u00e9zked\u00e9seket. Az esetleges adatv\u00e9delmi incidenst az Adatkezel\u0151 k\u00e9sedelem n\u00e9lk\u00fcl, \u00e9s ha lehets\u00e9ges, legk\u00e9s\u0151bb 72 \u00f3r\u00e1val azut\u00e1n, hogy az adatv\u00e9delmi incidens a tudom\u00e1s\u00e1ra jutott, bejelenti a Nemzeti Adatv\u00e9delmi \u00e9s Inform\u00e1ci\u00f3szabads\u00e1g Hat\u00f3s\u00e1gnak, kiv\u00e9ve, ha az adatv\u00e9delmi incidens val\u00f3sz\u00edn\u0171s\u00edthet\u0151en nem j\u00e1r kock\u00e1zattal a term\u00e9szetes szem\u00e9lyek jogaira \u00e9s szabads\u00e1gaira n\u00e9zve.<\/p>\n<!-- \/wp:paragraph -->\n\n<!-- wp:paragraph -->\n<p><strong>\u00c9rintettek jogai \u00e9s \u00e9rv\u00e9nyes\u00edt\u00e9s\u00fck felt\u00e9telei<\/strong><\/p>\n<!-- \/wp:paragraph -->\n\n<!-- wp:paragraph -->\n<p>\u00d6n b\u00e1rmikor k\u00e9rheti adatai&nbsp;<strong><u>helyesb\u00edt\u00e9s\u00e9t<\/u><\/strong>,&nbsp;<strong><u>korl\u00e1toz\u00e1s\u00e1t<\/u><\/strong>,&nbsp;<strong><u>t\u00f6rl\u00e9s\u00e9t<\/u><\/strong>, tov\u00e1bb\u00e1 az k\u00e9rhet az adatkezel\u00e9sr\u0151l&nbsp;<strong><u>teljesk\u00f6r\u0171 konkr\u00e9t t\u00e1j\u00e9koztat\u00e1st<\/u><\/strong>. K\u00e9rheti azt is, hogy a jogszab\u00e1lyoknak megfelel\u0151en szem\u00e9lyes adatait tagolt, sz\u00e9les k\u00f6rben haszn\u00e1lt g\u00e9ppel olvashat\u00f3 form\u00e1tumban&nbsp;<strong><u>\u00e1tadjuk<\/u><\/strong>, illetve adatait egy&nbsp;<strong><u>m\u00e1sik adatkezel\u0151nek tov\u00e1bb\u00edtsuk<\/u><\/strong>. Ezeket a k\u00e9r\u00e9seket 1 h\u00f3napon bel\u00fcl teljes\u00edtj\u00fck.<\/p>\n<!-- \/wp:paragraph -->\n\n<!-- wp:paragraph -->\n<p>Az adatv\u00e9delem r\u00e9szletes szab\u00e1lyoz\u00e1s\u00e1t, az \u00d6n jogainak r\u00e9szletes tartalm\u00e1t \u00e9s \u00e9rv\u00e9nyes\u00edt\u00e9s\u00fck r\u00e9szletes felt\u00e9teleit az adatv\u00e9delmi \u00e9s adatbiztons\u00e1gi szab\u00e1lyzat tartalmazza.<\/p>\n<!-- \/wp:paragraph -->\n\n<!-- wp:paragraph -->\n<p>Ha \u00d6n \u00fagy \u00e9rzi, hogy az adatkezel\u00e9s sor\u00e1n az ADR Logistics Kft jogszab\u00e1lyt s\u00e9rtett, akkor vizsg\u00e1latot kezdem\u00e9nyezhet a Nemzeti Adatv\u00e9delmi \u00e9s Inform\u00e1ci\u00f3szabads\u00e1g Hat\u00f3s\u00e1gn\u00e1l (NAIH) arra hivatkoz\u00e1ssal, hogy szem\u00e9lyes adatai kezel\u00e9s\u00e9vel kapcsolatban jogs\u00e9relme k\u00f6vetkezett be, vagy annak k\u00f6zvetlen vesz\u00e9lye fenn\u00e1ll, de \u00f6r\u00f6mmel vessz\u00fck, ha panasz\u00e1val els\u0151nek hozz\u00e1nk fordul, hogy azt miel\u0151bb kivizsg\u00e1ljuk \u00e9s orvosoljuk.<\/p>\n<!-- \/wp:paragraph -->\n\n<!-- wp:paragraph -->\n<p><strong>NAIH El\u00e9rhet\u0151s\u00e9gei:<\/strong><\/p>\n<!-- \/wp:paragraph -->\n\n<!-- wp:paragraph -->\n<p>\u2013 sz\u00e9khely: 1125 Budapest, Szil\u00e1gyi Erzs\u00e9bet fasor 22\/c.<br>\u2013 postac\u00edm: 1530 Budapest, Pf.: 5.<br>\u2013 e-mail: ugyfelszolgalat@naih.hu<br>\u2013 honlap: naih.hu.<\/p>\n<!-- \/wp:paragraph -->\n\n<!-- wp:paragraph -->\n<p>Ha v\u00e9lem\u00e9nye szerint az adatkezel\u00e9s sor\u00e1n megs\u00e9rtett\u00fck jogait, akkor v\u00e1laszt\u00e1sa szerint a lak\u00f3helye vagy tart\u00f3zkod\u00e1si helye szerint illet\u00e9kes t\u00f6rv\u00e9nysz\u00e9khez, azaz&nbsp;<strong><u>b\u00edr\u00f3s\u00e1ghoz fordulhat<\/u><\/strong>. A b\u00edr\u00f3s\u00e1gi elj\u00e1r\u00e1sr\u00f3l tov\u00e1bbi inform\u00e1ci\u00f3kat a&nbsp;<a href=\"http:\/\/birosag.hu\/\">birosag.hu<\/a>&nbsp;honlapon tudhat meg.<\/p>\n<!-- \/wp:paragraph -->\n\n<!-- wp:paragraph -->\n<p><\/p>\n<!-- \/wp:paragraph -->\n\n<!-- wp:paragraph -->\n<p><\/p>\n<!-- \/wp:paragraph -->\n\n<!-- wp:paragraph -->\n<p><\/p>\n<!-- \/wp:paragraph -->","_et_gb_content_width":"1080","footnotes":""},"class_list":["post-1538","page","type-page","status-publish","hentry"],"_links":{"self":[{"href":"https:\/\/www.adr-logistics.hu\/en\/wp-json\/wp\/v2\/pages\/1538","targetHints":{"allow":["GET"]}}],"collection":[{"href":"https:\/\/www.adr-logistics.hu\/en\/wp-json\/wp\/v2\/pages"}],"about":[{"href":"https:\/\/www.adr-logistics.hu\/en\/wp-json\/wp\/v2\/types\/page"}],"author":[{"embeddable":true,"href":"https:\/\/www.adr-logistics.hu\/en\/wp-json\/wp\/v2\/users\/1"}],"replies":[{"embeddable":true,"href":"https:\/\/www.adr-logistics.hu\/en\/wp-json\/wp\/v2\/comments?post=1538"}],"version-history":[{"count":5,"href":"https:\/\/www.adr-logistics.hu\/en\/wp-json\/wp\/v2\/pages\/1538\/revisions"}],"predecessor-version":[{"id":1547,"href":"https:\/\/www.adr-logistics.hu\/en\/wp-json\/wp\/v2\/pages\/1538\/revisions\/1547"}],"wp:attachment":[{"href":"https:\/\/www.adr-logistics.hu\/en\/wp-json\/wp\/v2\/media?parent=1538"}],"curies":[{"name":"wp","href":"https:\/\/api.w.org\/{rel}","templated":true}]}}