{"id":292,"date":"2023-02-22T17:45:10","date_gmt":"2023-02-22T17:45:10","guid":{"rendered":"https:\/\/www.adr-logistics.hu\/?page_id=292"},"modified":"2023-06-14T11:12:38","modified_gmt":"2023-06-14T11:12:38","slug":"logistics-of-dangerous-goods","status":"publish","type":"page","link":"https:\/\/www.adr-logistics.hu\/en\/veszelyes-aru-logisztika-szolgaltatas\/","title":{"rendered":"Logistics of dangerous goods"},"content":{"rendered":"<p>[et_pb_section fb_built=&#8221;1&#8243; custom_padding_last_edited=&#8221;on|phone&#8221; admin_label=&#8221;Section &#8211; About header&#8221; _builder_version=&#8221;4.20.4&#8243; background_color=&#8221;#dedede&#8221; background_enable_image=&#8221;off&#8221; parallax=&#8221;on&#8221; parallax_method=&#8221;off&#8221; custom_padding=&#8221;7px||173px||false|false&#8221; custom_padding_tablet=&#8221;100px||100px|&#8221; custom_padding_phone=&#8221;75px||75px|&#8221; global_colors_info=&#8221;{}&#8221;][et_pb_row _builder_version=&#8221;4.20.4&#8243; background_size=&#8221;initial&#8221; background_position=&#8221;top_left&#8221; background_repeat=&#8221;repeat&#8221; width=&#8221;100%&#8221; global_colors_info=&#8221;{}&#8221;][et_pb_column type=&#8221;4_4&#8243; _builder_version=&#8221;4.16&#8243; custom_padding=&#8221;|||&#8221; global_colors_info=&#8221;{}&#8221; custom_padding__hover=&#8221;|||&#8221;][et_pb_text disabled_on=&#8221;on|off|off&#8221; admin_label=&#8221;About Page Top Header &#8211; Text&#8221; _builder_version=&#8221;4.20.4&#8243; text_font=&#8221;|300|||||||&#8221; text_font_size=&#8221;20px&#8221; header_font=&#8221;|700||on|||||&#8221; header_text_color=&#8221;#f7941e&#8221; header_font_size=&#8221;60px&#8221; text_orientation=&#8221;center&#8221; width=&#8221;100%&#8221; module_alignment=&#8221;center&#8221; text_font_size_tablet=&#8221;19px&#8221; text_font_size_phone=&#8221;17px&#8221; text_font_size_last_edited=&#8221;on|phone&#8221; header_font_size_tablet=&#8221;50px&#8221; header_font_size_phone=&#8221;35px&#8221; header_font_size_last_edited=&#8221;on|tablet&#8221; global_colors_info=&#8221;{}&#8221;]<\/p>\n<p><img loading=\"lazy\" decoding=\"async\" src=\"https:\/\/www.adr-logistics.hu\/wp-content\/uploads\/2023\/02\/veszelyesaru-ikon.png\" alt=\"Vesz\u00e9lyes\u00e1ru logisztika\" width=\"150\" height=\"150\" style=\"float: left;\" title=\"\"><\/p>\n<h1 style=\"padding-top: 5%;\">Vesz\u00e9lyes \u00e1ru logisztika<\/h1>\n<p>[\/et_pb_text][et_pb_text disabled_on=&#8221;off|on|on&#8221; admin_label=&#8221;About Page Top Header &#8211; Text&#8221; _builder_version=&#8221;4.20.4&#8243; text_font=&#8221;|300|||||||&#8221; text_font_size=&#8221;20px&#8221; header_font=&#8221;|700||on|||||&#8221; header_text_color=&#8221;#f7941e&#8221; header_font_size=&#8221;60px&#8221; header_letter_spacing=&#8221;1px&#8221; header_line_height=&#8221;1.5em&#8221; text_orientation=&#8221;center&#8221; width=&#8221;100%&#8221; module_alignment=&#8221;center&#8221; text_font_size_tablet=&#8221;19px&#8221; text_font_size_phone=&#8221;17px&#8221; text_font_size_last_edited=&#8221;on|phone&#8221; header_font_size_tablet=&#8221;50px&#8221; header_font_size_phone=&#8221;35px&#8221; header_font_size_last_edited=&#8221;on|tablet&#8221; global_colors_info=&#8221;{}&#8221;]<\/p>\n<p><img loading=\"lazy\" decoding=\"async\" src=\"https:\/\/www.adr-logistics.hu\/wp-content\/uploads\/2023\/02\/veszelyesaru-ikon.png\" alt=\"Vesz\u00e9lyes\u00e1ru logisztika\" width=\"150\" height=\"150\" title=\"\"><\/p>\n<h1 style=\"padding-top: 5%;\">Vesz\u00e9lyes \u00e1ru logisztika<\/h1>\n<p>[\/et_pb_text][\/et_pb_column][\/et_pb_row][\/et_pb_section][et_pb_section fb_built=&#8221;1&#8243; custom_padding_last_edited=&#8221;on|desktop&#8221; admin_label=&#8221;Section &#8211; About content&#8221; _builder_version=&#8221;4.16&#8243; custom_padding=&#8221;0px||10px|&#8221; custom_padding_tablet=&#8221;50px|||&#8221; custom_padding_phone=&#8221;&#8221; global_colors_info=&#8221;{}&#8221;][et_pb_row column_structure=&#8221;1_2,1_2&#8243; use_custom_gutter=&#8221;on&#8221; gutter_width=&#8221;1&#8243; make_equal=&#8221;on&#8221; module_class=&#8221;about-page-content&#8221; _builder_version=&#8221;4.19.5&#8243; custom_margin_tablet=&#8221;&#8221; custom_margin_phone=&#8221;&#8221; custom_margin_last_edited=&#8221;on|desktop&#8221; custom_padding=&#8221;0px|||&#8221; global_colors_info=&#8221;{}&#8221;][et_pb_column type=&#8221;1_2&#8243; _builder_version=&#8221;4.16&#8243; background_color=&#8221;#ffffff&#8221; custom_padding=&#8221;75px|50px|30px|50px&#8221; custom_padding_tablet=&#8221;30px|0px|0px|0px&#8221; custom_padding_phone=&#8221;30px|0px|0px|0px&#8221; custom_padding_last_edited=&#8221;on|desktop&#8221; global_colors_info=&#8221;{}&#8221; custom_padding__hover=&#8221;|||&#8221;][et_pb_text admin_label=&#8221;Text h1 header&#8221; _builder_version=&#8221;4.21.0&#8243; header_font=&#8221;|700|||||||&#8221; header_text_color=&#8221;#f7941e&#8221; header_font_size=&#8221;35px&#8221; custom_margin=&#8221;||20px|&#8221; header_font_size_tablet=&#8221;33px&#8221; header_font_size_phone=&#8221;27px&#8221; header_font_size_last_edited=&#8221;on|phone&#8221; global_colors_info=&#8221;{}&#8221;]<\/p>\n<h1>Biztons\u00e1g. Els\u0151k\u00e9nt. <\/h1>\n<p>[\/et_pb_text][et_pb_text quote_border_color=&#8221;#f7941e&#8221; _builder_version=&#8221;4.21.0&#8243; custom_padding=&#8221;||0px|||&#8221; global_colors_info=&#8221;{}&#8221;]<\/p>\n<p>C\u00e9g\u00fcnk \u00fatt\u00f6r\u0151 szerepet t\u00f6lt\u00f6tt be a vegyi anyagok, k\u00fcl\u00f6n\u00f6sen a vesz\u00e9lyes \u00e1ruk t\u00e1rol\u00e1sa \u00e9s kezel\u00e9se ter\u00e9n Magyarorsz\u00e1gon. 2006-ban \u00e9p\u00fclt rakt\u00e1runk a mai napig a legnagyobb ilyen l\u00e9tes\u00edtm\u00e9ny az orsz\u00e1gban, megfelel a helyi \u00e9s eur\u00f3pai el\u0151\u00edr\u00e1soknak, bele\u00e9rtve a SEVESO III fels\u0151 k\u00fcsz\u00f6b\u00e9rt\u00e9k\u0171 vesz\u00e9lyes \u00fczem enged\u00e9lyt, valamint rendelkezik az \u00f6sszes sz\u00fcks\u00e9ges infrastrukt\u00far\u00e1val, p\u00e9ld\u00e1ul olt\u00f3rendszerekkel \u00e9s ki\u00f6ml\u00e9s-visszatart\u00e1ssal. A ter\u00fcleten a robban\u00f3anyagok \u00e9s radioakt\u00edv anyagok kiv\u00e9tel\u00e9vel valamennyi \u00e1ruoszt\u00e1ly biztons\u00e1gos kezel\u00e9se megoldott. A biztons\u00e1g \u00e9s a min\u0151s\u00e9g minden tev\u00e9kenys\u00e9g\u00fcnk k\u00f6z\u00e9ppontj\u00e1ban \u00e1ll. Ennek fenntart\u00e1sa \u00e9rdek\u00e9ben biztos\u00edtjuk munkat\u00e1rsaink magas szint\u0171 k\u00e9pz\u00e9s\u00e9t, a legmodernebb infrastrukt\u00far\u00e1val dolgozunk, valamint folyamatosan fejlesztj\u00fck elj\u00e1r\u00e1sainkat.<\/p>\n<blockquote><p>Az \u00e1ruk t\u00e1rol\u00e1s\u00e1n, mozgat\u00e1s\u00e1n k\u00edv\u00fcl az al\u00e1bbi hozz\u00e1adott \u00e9rt\u00e9k szolg\u00e1ltat\u00e1sinkkal is seg\u00edtj\u00fck Megb\u00edz\u00f3inkat:<\/p>\n<p>&nbsp;<\/p>\n<p>&nbsp;<\/p>\n<ul>\n<li>c\u00edmk\u00e9z\u00e9s<\/li>\n<li>\u00f6sszecsomagol\u00e1sok<\/li>\n<li>v\u00e1mkezel\u00e9s<\/li>\n<li>v\u00e1mrakt\u00e1r<\/li>\n<li>EKAER \u00fcgyint\u00e9z\u00e9s<\/li>\n<li>j\u00f6ved\u00e9ki rakt\u00e1r kezel\u00e9se<\/li>\n<li>vesz\u00e9lyes \u00e1ru tan\u00e1csad\u00e1s<\/li>\n<li>logisztikai tan\u00e1csad\u00e1s<\/li>\n<\/ul>\n<\/blockquote>\n<p>[\/et_pb_text][\/et_pb_column][et_pb_column type=&#8221;1_2&#8243; _builder_version=&#8221;4.19.5&#8243; background_color=&#8221;#f9f9f9&#8243; background_image=&#8221;https:\/\/www.adr-logistics.hu\/wp-content\/uploads\/2023\/02\/veszelyes-aru-logisztika.jpg&#8221; custom_padding=&#8221;|||&#8221; global_colors_info=&#8221;{}&#8221; custom_padding__hover=&#8221;|||&#8221;][\/et_pb_column][\/et_pb_row][et_pb_row column_structure=&#8221;3_4,1_4&#8243; make_equal=&#8221;on&#8221; _builder_version=&#8221;4.21.0&#8243; _module_preset=&#8221;default&#8221; module_alignment=&#8221;center&#8221; hover_enabled=&#8221;0&#8243; global_colors_info=&#8221;{}&#8221; custom_css_main_element=&#8221;align-items:center;&#8221; sticky_enabled=&#8221;0&#8243;][et_pb_column type=&#8221;3_4&#8243; _builder_version=&#8221;4.20.4&#8243; _module_preset=&#8221;default&#8221; global_colors_info=&#8221;{}&#8221;][et_pb_text admin_label=&#8221;Default Header&#8221; module_class=&#8221;default-header&#8221; _builder_version=&#8221;4.20.4&#8243; header_font=&#8221;||||||||&#8221; header_text_color=&#8221;#f7941e&#8221; module_alignment=&#8221;right&#8221; global_colors_info=&#8221;{}&#8221;]<\/p>\n<h1>Akkumul\u00e1tor alapanyag logisztikai szolg\u00e1ltat\u00e1s<\/h1>\n<p>[\/et_pb_text][et_pb_text _builder_version=&#8221;4.21.0&#8243; _module_preset=&#8221;default&#8221; hover_enabled=&#8221;0&#8243; global_colors_info=&#8221;{}&#8221; sticky_enabled=&#8221;0&#8243;]Az elm\u00falt \u00e9vek kih\u00edv\u00e1saihoz alkalmazkodva, akkumul\u00e1tor alapanyag logisztik\u00e1val b\u0151v\u00edtett\u00fck portf\u00f3li\u00f3nkat.[\/et_pb_text][\/et_pb_column][et_pb_column type=&#8221;1_4&#8243; _builder_version=&#8221;4.20.4&#8243; _module_preset=&#8221;default&#8221; global_colors_info=&#8221;{}&#8221;][et_pb_image src=&#8221;https:\/\/www.adr-logistics.hu\/wp-content\/uploads\/akkumulator-ikon.jpg&#8221; title_text=&#8221;akkumulator-ikon&#8221; _builder_version=&#8221;4.21.0&#8243; _module_preset=&#8221;default&#8221; width=&#8221;150px&#8221; global_colors_info=&#8221;{}&#8221;][\/et_pb_image][\/et_pb_column][\/et_pb_row][\/et_pb_section][et_pb_section fb_built=&#8221;1&#8243; _builder_version=&#8221;4.16&#8243; custom_padding=&#8221;0px|||&#8221; global_colors_info=&#8221;{}&#8221;][et_pb_row column_structure=&#8221;1_2,1_2&#8243; use_custom_gutter=&#8221;on&#8221; make_equal=&#8221;on&#8221; _builder_version=&#8221;4.19.5&#8243; custom_css_main_element=&#8221;align-items:center;&#8221; global_colors_info=&#8221;{}&#8221;][et_pb_column type=&#8221;1_2&#8243; _builder_version=&#8221;4.16&#8243; custom_padding=&#8221;|||&#8221; global_colors_info=&#8221;{}&#8221; custom_padding__hover=&#8221;|||&#8221;][et_pb_text admin_label=&#8221;Default Header&#8221; module_class=&#8221;default-header&#8221; _builder_version=&#8221;4.20.4&#8243; header_font=&#8221;||||||||&#8221; header_text_color=&#8221;#f7941e&#8221; module_alignment=&#8221;right&#8221; global_colors_info=&#8221;{}&#8221;]<\/p>\n<h1>A rakt\u00e1r\u00e9p\u00fclet specifik\u00e1ci\u00f3ja:<\/h1>\n<p>[\/et_pb_text][et_pb_text _builder_version=&#8221;4.21.0&#8243; global_colors_info=&#8221;{}&#8221;]<\/p>\n<ul>\n<li><span>14.672\u00a0 n\u00e9gyzetm\u00e9ter b\u0151v\u00edthet\u0151 rakt\u00e1rkapacit\u00e1s<\/span><\/li>\n<li>12 m belmagass\u00e1g<span><\/span><\/li>\n<li><span>robban\u00e1sbiztos kivitelez\u00e9s<\/span><\/li>\n<li><span>automata t\u0171zjelz\u0151- \u00e9s argong\u00e1zos olt\u00f3berendez\u00e9s<\/span><\/li>\n<li><span>k\u00fcl\u00f6nleges, pormentes m\u0171gyanta padl\u00f3burkolat<\/span><\/li>\n<li><span>k\u00e1rment\u0151 eszk\u00f6z\u00f6k a rakt\u00e1rban<\/span><\/li>\n<li><span>k\u00f6zvetlen \u00f6sszek\u00f6ttet\u00e9s a beavatkoz\u00f3 szervekkel<\/span><\/li>\n<li><span>k\u00e1rment\u0151 medenc\u00e9k<\/span><\/li>\n<li><span>dupla biztons\u00e1gi \u0151rs\u00e9g, teljes riaszt\u00f3rendszer, z\u00e1rt l\u00e1nc\u00fa kamerarendszer<\/span><\/li>\n<li><span>a rakt\u00e1r \u00e1tlagos bels\u0151 h\u0151m\u00e9rs\u00e9klete 15 \u00e9s 25 \u00b0C k\u00f6z\u00f6tt<\/span><\/li>\n<li><span>a h\u0171t\u0151kamr\u00e1k h\u0151m\u00e9rs\u00e9klete + 2 \u00e9s 8 \u00b0C k\u00f6z\u00f6tt<\/span><\/li>\n<\/ul>\n<p>[\/et_pb_text][\/et_pb_column][et_pb_column type=&#8221;1_2&#8243; _builder_version=&#8221;4.16&#8243; custom_padding=&#8221;|||&#8221; global_colors_info=&#8221;{}&#8221; custom_padding__hover=&#8221;|||&#8221;][et_pb_blurb title=&#8221;Rakt\u00e1runk&#8221; image=&#8221;https:\/\/www.adr-logistics.hu\/wp-content\/uploads\/veszelyes-anyag-raktar.jpg&#8221; image_icon_width=&#8221;87%&#8221; _builder_version=&#8221;4.20.4&#8243; header_level=&#8221;h6&#8243; header_font=&#8221;Poppins|700|||||||&#8221; header_text_align=&#8221;center&#8221; header_text_color=&#8221;#f7941e&#8221; header_font_size=&#8221;20px&#8221; body_font=&#8221;Muli||||||||&#8221; body_text_align=&#8221;center&#8221; body_text_color=&#8221;#000000&#8243; body_font_size=&#8221;16px&#8221; body_line_height=&#8221;1.8em&#8221; background_color=&#8221;#ffffff&#8221; custom_padding=&#8221;65px|39px|61px|39px|false|true&#8221; border_radii=&#8221;on|10px|10px|10px|10px&#8221; box_shadow_style=&#8221;preset1&#8243; box_shadow_vertical=&#8221;39px&#8221; box_shadow_blur=&#8221;71px&#8221; box_shadow_spread=&#8221;9px&#8221; box_shadow_color=&#8221;rgba(96,73,51,0.08)&#8221; image_max_width=&#8221;87%&#8221; global_colors_info=&#8221;{}&#8221; custom_margin__hover_enabled=&#8221;on&#8221; custom_margin__hover=&#8221;-31px||&#8221; header_letter_spacing__hover_enabled=&#8221;on&#8221; header_letter_spacing__hover=&#8221;2px&#8221;]<\/p>\n<p>Az ADR Logistics Kft. rendelkezik Magyarorsz\u00e1g legnagyobb vesz\u00e9lyes anyag rakt\u00e1r\u00e1val.<\/p>\n<p>[\/et_pb_blurb][\/et_pb_column][\/et_pb_row][et_pb_row _builder_version=&#8221;4.19.5&#8243; _module_preset=&#8221;default&#8221; width=&#8221;90%&#8221; custom_padding=&#8221;||||false|false&#8221; global_colors_info=&#8221;{}&#8221;][et_pb_column type=&#8221;4_4&#8243; _builder_version=&#8221;4.19.5&#8243; _module_preset=&#8221;default&#8221; global_colors_info=&#8221;{}&#8221;][et_pb_gallery gallery_ids=&#8221;955,115,295,296&#8243; show_title_and_caption=&#8221;off&#8221; show_pagination=&#8221;off&#8221; _builder_version=&#8221;4.21.0&#8243; _module_preset=&#8221;default&#8221; caption_text_color=&#8221;RGBA(255,255,255,0)&#8221; caption_font_size=&#8221;0px&#8221; background_color=&#8221;RGBA(255,255,255,0)&#8221; custom_margin=&#8221;0px|0px|0px|0px|false|false&#8221; custom_padding=&#8221;0px|0px|0px|0px|false|false&#8221; global_colors_info=&#8221;{}&#8221;][\/et_pb_gallery][\/et_pb_column][\/et_pb_row][\/et_pb_section]<\/p>\n","protected":false},"excerpt":{"rendered":"<p>Vesz\u00e9lyes \u00e1ru logisztika Vesz\u00e9lyes \u00e1ru logisztikaBiztons\u00e1g. Els\u0151k\u00e9nt. C\u00e9g\u00fcnk \u00fatt\u00f6r\u0151 szerepet t\u00f6lt\u00f6tt be a vegyi anyagok, k\u00fcl\u00f6n\u00f6sen a vesz\u00e9lyes \u00e1ruk t\u00e1rol\u00e1sa \u00e9s kezel\u00e9se ter\u00e9n Magyarorsz\u00e1gon. 2006-ban \u00e9p\u00fclt rakt\u00e1runk a mai napig a legnagyobb ilyen l\u00e9tes\u00edtm\u00e9ny az orsz\u00e1gban, megfelel a helyi \u00e9s eur\u00f3pai el\u0151\u00edr\u00e1soknak, bele\u00e9rtve a SEVESO III fels\u0151 k\u00fcsz\u00f6b\u00e9rt\u00e9k\u0171 vesz\u00e9lyes \u00fczem enged\u00e9lyt, valamint rendelkezik az \u00f6sszes [&hellip;]<\/p>\n","protected":false},"author":1,"featured_media":0,"parent":0,"menu_order":0,"comment_status":"closed","ping_status":"closed","template":"","meta":{"_et_pb_use_builder":"on","_et_pb_old_content":"","_et_gb_content_width":"","footnotes":""},"class_list":["post-292","page","type-page","status-publish","hentry"],"_links":{"self":[{"href":"https:\/\/www.adr-logistics.hu\/en\/wp-json\/wp\/v2\/pages\/292","targetHints":{"allow":["GET"]}}],"collection":[{"href":"https:\/\/www.adr-logistics.hu\/en\/wp-json\/wp\/v2\/pages"}],"about":[{"href":"https:\/\/www.adr-logistics.hu\/en\/wp-json\/wp\/v2\/types\/page"}],"author":[{"embeddable":true,"href":"https:\/\/www.adr-logistics.hu\/en\/wp-json\/wp\/v2\/users\/1"}],"replies":[{"embeddable":true,"href":"https:\/\/www.adr-logistics.hu\/en\/wp-json\/wp\/v2\/comments?post=292"}],"version-history":[{"count":28,"href":"https:\/\/www.adr-logistics.hu\/en\/wp-json\/wp\/v2\/pages\/292\/revisions"}],"predecessor-version":[{"id":1056,"href":"https:\/\/www.adr-logistics.hu\/en\/wp-json\/wp\/v2\/pages\/292\/revisions\/1056"}],"wp:attachment":[{"href":"https:\/\/www.adr-logistics.hu\/en\/wp-json\/wp\/v2\/media?parent=292"}],"curies":[{"name":"wp","href":"https:\/\/api.w.org\/{rel}","templated":true}]}}