{"id":299,"date":"2023-02-22T18:08:29","date_gmt":"2023-02-22T18:08:29","guid":{"rendered":"https:\/\/www.adr-logistics.hu\/?page_id=299"},"modified":"2023-06-16T11:47:41","modified_gmt":"2023-06-16T11:47:41","slug":"healthcare-logistics","status":"publish","type":"page","link":"https:\/\/www.adr-logistics.hu\/en\/gyogyaszati-logisztika-szolgaltatas\/","title":{"rendered":"Healthcare logistics"},"content":{"rendered":"<p>[et_pb_section fb_built=&#8221;1&#8243; custom_padding_last_edited=&#8221;on|phone&#8221; admin_label=&#8221;Section &#8211; About header&#8221; _builder_version=&#8221;4.20.4&#8243; background_color=&#8221;#dedede&#8221; background_enable_image=&#8221;off&#8221; parallax=&#8221;on&#8221; parallax_method=&#8221;off&#8221; custom_padding=&#8221;7px||173px||false|false&#8221; custom_padding_tablet=&#8221;100px||100px|&#8221; custom_padding_phone=&#8221;75px||75px|&#8221; global_colors_info=&#8221;{}&#8221;][et_pb_row _builder_version=&#8221;4.16&#8243; background_size=&#8221;initial&#8221; background_position=&#8221;top_left&#8221; background_repeat=&#8221;repeat&#8221; global_colors_info=&#8221;{}&#8221;][et_pb_column type=&#8221;4_4&#8243; _builder_version=&#8221;4.16&#8243; custom_padding=&#8221;|||&#8221; global_colors_info=&#8221;{}&#8221; custom_padding__hover=&#8221;|||&#8221;][et_pb_text disabled_on=&#8221;on|off|off&#8221; admin_label=&#8221;About Page Top Header &#8211; Text&#8221; _builder_version=&#8221;4.20.4&#8243; text_font=&#8221;|300|||||||&#8221; text_font_size=&#8221;20px&#8221; header_font=&#8221;|700||on|||||&#8221; header_text_color=&#8221;#00a7e5&#8243; header_font_size=&#8221;60px&#8221; text_orientation=&#8221;center&#8221; module_alignment=&#8221;center&#8221; text_font_size_tablet=&#8221;19px&#8221; text_font_size_phone=&#8221;17px&#8221; text_font_size_last_edited=&#8221;on|phone&#8221; header_font_size_tablet=&#8221;50px&#8221; header_font_size_phone=&#8221;35px&#8221; header_font_size_last_edited=&#8221;on|tablet&#8221; global_colors_info=&#8221;{}&#8221;]<\/p>\n<p><img loading=\"lazy\" decoding=\"async\" src=\"https:\/\/www.adr-logistics.hu\/wp-content\/uploads\/2023\/02\/gyogyszer-ikon.png\" alt=\"Gy\u00f3gy\u00e1szati logisztika\" width=\"150\" height=\"150\" style=\"float: left;\" title=\"\"><\/p>\n<h1 style=\"padding-top: 5%;\">Gy\u00f3gy\u00e1szati\u00a0 logisztika<\/h1>\n<p>[\/et_pb_text][et_pb_text disabled_on=&#8221;off|on|on&#8221; admin_label=&#8221;About Page Top Header &#8211; Text&#8221; _builder_version=&#8221;4.20.4&#8243; text_font=&#8221;|300|||||||&#8221; text_font_size=&#8221;20px&#8221; header_font=&#8221;|700||on|||||&#8221; header_text_color=&#8221;#00a7e5&#8243; header_font_size=&#8221;60px&#8221; header_letter_spacing=&#8221;1px&#8221; header_line_height=&#8221;1.5em&#8221; text_orientation=&#8221;center&#8221; module_alignment=&#8221;center&#8221; text_font_size_tablet=&#8221;19px&#8221; text_font_size_phone=&#8221;17px&#8221; text_font_size_last_edited=&#8221;on|phone&#8221; header_font_size_tablet=&#8221;50px&#8221; header_font_size_phone=&#8221;35px&#8221; header_font_size_last_edited=&#8221;on|tablet&#8221; global_colors_info=&#8221;{}&#8221;]<img loading=\"lazy\" decoding=\"async\" src=\"https:\/\/www.adr-logistics.hu\/wp-content\/uploads\/2023\/02\/gyogyszer-ikon.png\" alt=\"Gy\u00f3gy\u00e1szati logisztika\" width=\"150\" height=\"150\" title=\"\"><\/p>\n<h1 style=\"padding-top: 5%;\">Gy\u00f3gy\u00e1szati\u00a0 logisztika<\/h1>\n<p>[\/et_pb_text][\/et_pb_column][\/et_pb_row][\/et_pb_section][et_pb_section fb_built=&#8221;1&#8243; custom_padding_last_edited=&#8221;on|desktop&#8221; admin_label=&#8221;Section &#8211; About content&#8221; _builder_version=&#8221;4.16&#8243; custom_padding=&#8221;0px||10px|&#8221; custom_padding_tablet=&#8221;50px|||&#8221; custom_padding_phone=&#8221;&#8221; global_colors_info=&#8221;{}&#8221;][et_pb_row column_structure=&#8221;1_2,1_2&#8243; use_custom_gutter=&#8221;on&#8221; gutter_width=&#8221;1&#8243; make_equal=&#8221;on&#8221; module_class=&#8221;about-page-content&#8221; _builder_version=&#8221;4.19.5&#8243; custom_margin_tablet=&#8221;&#8221; custom_margin_phone=&#8221;&#8221; custom_margin_last_edited=&#8221;on|desktop&#8221; custom_padding=&#8221;0px|||&#8221; global_colors_info=&#8221;{}&#8221;][et_pb_column type=&#8221;1_2&#8243; _builder_version=&#8221;4.16&#8243; background_color=&#8221;#ffffff&#8221; custom_padding=&#8221;75px|50px|30px|50px&#8221; custom_padding_tablet=&#8221;30px|0px|0px|0px&#8221; custom_padding_phone=&#8221;30px|0px|0px|0px&#8221; custom_padding_last_edited=&#8221;on|desktop&#8221; global_colors_info=&#8221;{}&#8221; custom_padding__hover=&#8221;|||&#8221;][et_pb_text admin_label=&#8221;Text h1 header&#8221; _builder_version=&#8221;4.21.0&#8243; header_font=&#8221;|700|||||||&#8221; header_text_color=&#8221;#00a7e5&#8243; header_font_size=&#8221;35px&#8221; custom_margin=&#8221;||20px|&#8221; header_font_size_tablet=&#8221;33px&#8221; header_font_size_phone=&#8221;27px&#8221; header_font_size_last_edited=&#8221;on|phone&#8221; global_colors_info=&#8221;{}&#8221;]<\/p>\n<h1>Min\u0151s\u00e9g. Els\u0151k\u00e9nt.  <\/h1>\n<p>[\/et_pb_text][et_pb_text quote_border_color=&#8221;#00a7e5&#8243; _builder_version=&#8221;4.21.0&#8243; global_colors_info=&#8221;{}&#8221;]<\/p>\n<p>Az ADR Logistics Kft. 2003 \u00f3ta foglalkozik gy\u00f3gy\u00e1szati term\u00e9kek logisztik\u00e1j\u00e1val, az elm\u00falt \u00e9vtizedekben diagnosztikai eszk\u00f6z\u00f6k, berendez\u00e9sek \u00e9s anyagok belf\u00f6ldi eloszt\u00e1s\u00e1t v\u00e9gezt\u00fck. 2014-ben nyitottuk meg \u00faj telephely\u00fcnket Buda\u00f6rs\u00f6n, ahol hum\u00e1n gy\u00f3gyszerek t\u00e1rol\u00e1s\u00e1t \u00e9s kezel\u00e9s\u00e9t v\u00e9gezz\u00fck. Rakt\u00e1raink riaszt\u00f3rendszerrel, szem\u00e9lyre szabott bel\u00e9ptet\u0151 rendszerrel a k\u00fcl\u00f6nb\u00f6z\u0151 biztons\u00e1gi ter\u00fcleteken \u00e9s kamer\u00e1s megfigyel\u00e9ssel vannak felszerelve. T\u00f6bb h\u0151m\u00e9rs\u00e9kleti z\u00f3na (szobah\u0151m\u00e9rs\u00e9klet\u0171, hideg) biztos\u00edtja, hogy term\u00e9keit a megfelel\u0151 h\u0151m\u00e9rs\u00e9kleten t\u00e1roljuk. Valid\u00e1lt WMS rendszer\u00fcnk biztos\u00edtja a rakt\u00e1ron bel\u00fcli \u00f6sszes mozg\u00e1s teljes nyomon k\u00f6vethet\u0151s\u00e9g\u00e9t. Elk\u00f6telezettek vagyunk a betegek legpontosabb \u00e9s leggyorsabb kiszolg\u00e1l\u00e1sa mellett, \u00e9s hisz\u00fcnk abban, hogy a gy\u00f3gy\u00e1szati logisztik\u00e1ban szerzett tapasztalatok valamennyi \u00e1gazatban seg\u00edteni fogj\u00e1k a magasabb sz\u00ednvonal\u00fa munkav\u00e9gz\u00e9s\u00fcnket. Ez\u00e9rt is fejlesztett\u00fcnk ki h\u00e1zon bel\u00fcl egy min\u0151s\u00e9gir\u00e1ny\u00edt\u00e1si rendszert, amely olyan tan\u00fas\u00edtott szabv\u00e1nyokon alapul, mint a GXP \u00e9s az ISO.<\/p>\n<blockquote><p>Az \u00e1ruk t\u00e1rol\u00e1s\u00e1n, mozgat\u00e1s\u00e1n k\u00edv\u00fcl az al\u00e1bbi hozz\u00e1adott \u00e9rt\u00e9k szolg\u00e1ltat\u00e1sinkkal is seg\u00edtj\u00fck Megb\u00edz\u00f3inkat:<\/p>\n<p>&nbsp;<\/p>\n<p>&nbsp;<\/p>\n<ul>\n<li>klinikai vizsg\u00e1lati anyagok rakt\u00e1roz\u00e1sa<\/li>\n<li>v\u00e1mkezel\u00e9s<\/li>\n<li>speci\u00e1lis gy\u00f3gy\u00e1szati k\u00e9sz\u00edtm\u00e9nyek rakt\u00e1roz\u00e1sa<\/li>\n<li>EKAER \u00fcgyint\u00e9z\u00e9s<\/li>\n<\/ul>\n<\/blockquote>\n<p>[\/et_pb_text][\/et_pb_column][et_pb_column type=&#8221;1_2&#8243; _builder_version=&#8221;4.19.5&#8243; background_color=&#8221;#f9f9f9&#8243; background_image=&#8221;https:\/\/www.adr-logistics.hu\/wp-content\/uploads\/gyogyszer-raktar.jpg&#8221; custom_padding=&#8221;|||&#8221; global_colors_info=&#8221;{}&#8221; custom_padding__hover=&#8221;|||&#8221;][\/et_pb_column][\/et_pb_row][\/et_pb_section][et_pb_section fb_built=&#8221;1&#8243; _builder_version=&#8221;4.16&#8243; custom_padding=&#8221;0px|||&#8221; global_colors_info=&#8221;{}&#8221;][et_pb_row column_structure=&#8221;1_2,1_2&#8243; use_custom_gutter=&#8221;on&#8221; make_equal=&#8221;on&#8221; _builder_version=&#8221;4.19.5&#8243; custom_css_main_element=&#8221;align-items:center;&#8221; global_colors_info=&#8221;{}&#8221;][et_pb_column type=&#8221;1_2&#8243; _builder_version=&#8221;4.16&#8243; custom_padding=&#8221;|||&#8221; global_colors_info=&#8221;{}&#8221; custom_padding__hover=&#8221;|||&#8221;][et_pb_text admin_label=&#8221;Default Header&#8221; module_class=&#8221;default-header&#8221; _builder_version=&#8221;4.20.4&#8243; header_font=&#8221;||||||||&#8221; header_text_color=&#8221;#00a7e5&#8243; module_alignment=&#8221;right&#8221; global_colors_info=&#8221;{}&#8221;]<\/p>\n<h1>A rakt\u00e1r\u00e9p\u00fclet specifik\u00e1ci\u00f3ja:<\/h1>\n<p>[\/et_pb_text][et_pb_text _builder_version=&#8221;4.21.0&#8243; global_colors_info=&#8221;{}&#8221;]<\/p>\n<ul>\n<li><span>4.581 \u00a0n\u00e9gyzetm\u00e9ter b\u0151v\u00edthet\u0151 rakt\u00e1rkapacit\u00e1s<\/span><\/li>\n<li>11,5 m belmagass\u00e1g<\/li>\n<li><span>GDP\/GMP megfelel\u0151 k\u00f6rnyezet<\/span><\/li>\n<li><span>325 m2 h\u0171t\u0151rakt\u00e1r + 2 \u00e9s 8 \u00b0C k\u00f6z\u00f6tt<\/span><\/li>\n<li><span>automata t\u0171zjelz\u0151- illetve r\u00e9szben argong\u00e1zos olt\u00f3berendez\u00e9s<\/span><\/li>\n<li><span>folyamatos h\u0151m\u00e9rs\u00e9klet \u00e9s p\u00e1ratartalom m\u00e9r\u00e9s<\/span><\/li>\n<li><span>valid\u00e1lt rakt\u00e1ri k\u00f6rnyezet \u00e9s WMS<\/span><\/li>\n<li><span>k\u00fcl\u00f6nleges, pormentes m\u0171gyanta padl\u00f3burkolat<\/span><\/li>\n<li><span>k\u00e1rment\u0151 eszk\u00f6z\u00f6k a rakt\u00e1rban<\/span><\/li>\n<li><span>k\u00f6zvetlen \u00f6sszek\u00f6ttet\u00e9s a beavatkoz\u00f3 szervekkel<\/span><\/li>\n<li><span>7\/24 \u00f3r\u00e1s biztons\u00e1gi \u0151rs\u00e9g, teljes riaszt\u00f3rendszer, z\u00e1rt l\u00e1nc\u00fa kamerarendszer<\/span><\/li>\n<li><span>a rakt\u00e1r garant\u00e1lt bels\u0151 h\u0151m\u00e9rs\u00e9klete 15 \u00e9s 25 \u00b0C k\u00f6z\u00f6tt<\/span><\/li>\n<\/ul>\n<p>[\/et_pb_text][\/et_pb_column][et_pb_column type=&#8221;1_2&#8243; _builder_version=&#8221;4.16&#8243; custom_padding=&#8221;|||&#8221; global_colors_info=&#8221;{}&#8221; custom_padding__hover=&#8221;|||&#8221;][et_pb_blurb title=&#8221;Szolg\u00e1ltat\u00e1sunk&#8221; image=&#8221;https:\/\/www.adr-logistics.hu\/wp-content\/uploads\/2023\/02\/gyogyaszati-logisztika.jpg&#8221; image_icon_width=&#8221;87%&#8221; _builder_version=&#8221;4.20.4&#8243; header_level=&#8221;h6&#8243; header_font=&#8221;Poppins|700|||||||&#8221; header_text_align=&#8221;center&#8221; header_text_color=&#8221;#00a7e5&#8243; header_font_size=&#8221;20px&#8221; body_font=&#8221;Muli||||||||&#8221; body_text_align=&#8221;center&#8221; body_text_color=&#8221;#000000&#8243; body_font_size=&#8221;16px&#8221; body_line_height=&#8221;1.8em&#8221; background_color=&#8221;#ffffff&#8221; custom_padding=&#8221;65px|39px|61px|39px|false|true&#8221; border_radii=&#8221;on|10px|10px|10px|10px&#8221; box_shadow_style=&#8221;preset1&#8243; box_shadow_vertical=&#8221;39px&#8221; box_shadow_blur=&#8221;71px&#8221; box_shadow_spread=&#8221;9px&#8221; box_shadow_color=&#8221;rgba(96,73,51,0.08)&#8221; image_max_width=&#8221;87%&#8221; global_colors_info=&#8221;{}&#8221; custom_margin__hover_enabled=&#8221;on&#8221; custom_margin__hover=&#8221;-31px||&#8221; header_letter_spacing__hover_enabled=&#8221;on&#8221; header_letter_spacing__hover=&#8221;2px&#8221;]<\/p>\n<p>Hisz\u00fcnk abban, hogy a gy\u00f3gy\u00e1szati logisztik\u00e1ban szerzett tapasztalatok valamennyi \u00e1gazatban seg\u00edteni fogj\u00e1k a magasabb sz\u00ednvonal\u00fa munkav\u00e9gz\u00e9s\u00fcnket<\/p>\n<p>[\/et_pb_blurb][\/et_pb_column][\/et_pb_row][et_pb_row custom_padding_last_edited=&#8221;on|phone&#8221; _builder_version=&#8221;4.21.0&#8243; _module_preset=&#8221;default&#8221; width=&#8221;90%&#8221; custom_margin=&#8221;||||false|false&#8221; custom_padding=&#8221;|0px||0px|false|true&#8221; custom_padding_tablet=&#8221;|0px||0px|false|true&#8221; custom_padding_phone=&#8221;|1%||1%|false|true&#8221; hover_enabled=&#8221;0&#8243; global_colors_info=&#8221;{}&#8221; sticky_enabled=&#8221;0&#8243;][et_pb_column type=&#8221;4_4&#8243; _builder_version=&#8221;4.19.5&#8243; _module_preset=&#8221;default&#8221; global_colors_info=&#8221;{}&#8221;][et_pb_gallery gallery_ids=&#8221;608,930,931,933&#8243; show_title_and_caption=&#8221;off&#8221; show_pagination=&#8221;off&#8221; _builder_version=&#8221;4.21.0&#8243; _module_preset=&#8221;default&#8221; hover_enabled=&#8221;0&#8243; global_colors_info=&#8221;{}&#8221; custom_padding=&#8221;|3%||3%|false|true&#8221; sticky_enabled=&#8221;0&#8243;][\/et_pb_gallery][\/et_pb_column][\/et_pb_row][\/et_pb_section]<\/p>\n","protected":false},"excerpt":{"rendered":"<p>Gy\u00f3gy\u00e1szati\u00a0 logisztika Gy\u00f3gy\u00e1szati\u00a0 logisztikaMin\u0151s\u00e9g. Els\u0151k\u00e9nt. Az ADR Logistics Kft. 2003 \u00f3ta foglalkozik gy\u00f3gy\u00e1szati term\u00e9kek logisztik\u00e1j\u00e1val, az elm\u00falt \u00e9vtizedekben diagnosztikai eszk\u00f6z\u00f6k, berendez\u00e9sek \u00e9s anyagok belf\u00f6ldi eloszt\u00e1s\u00e1t v\u00e9gezt\u00fck. 2014-ben nyitottuk meg \u00faj telephely\u00fcnket Buda\u00f6rs\u00f6n, ahol hum\u00e1n gy\u00f3gyszerek t\u00e1rol\u00e1s\u00e1t \u00e9s kezel\u00e9s\u00e9t v\u00e9gezz\u00fck. Rakt\u00e1raink riaszt\u00f3rendszerrel, szem\u00e9lyre szabott bel\u00e9ptet\u0151 rendszerrel a k\u00fcl\u00f6nb\u00f6z\u0151 biztons\u00e1gi ter\u00fcleteken \u00e9s kamer\u00e1s megfigyel\u00e9ssel vannak felszerelve. T\u00f6bb [&hellip;]<\/p>\n","protected":false},"author":1,"featured_media":0,"parent":0,"menu_order":0,"comment_status":"closed","ping_status":"closed","template":"","meta":{"_et_pb_use_builder":"on","_et_pb_old_content":"","_et_gb_content_width":"","footnotes":""},"class_list":["post-299","page","type-page","status-publish","hentry"],"_links":{"self":[{"href":"https:\/\/www.adr-logistics.hu\/en\/wp-json\/wp\/v2\/pages\/299","targetHints":{"allow":["GET"]}}],"collection":[{"href":"https:\/\/www.adr-logistics.hu\/en\/wp-json\/wp\/v2\/pages"}],"about":[{"href":"https:\/\/www.adr-logistics.hu\/en\/wp-json\/wp\/v2\/types\/page"}],"author":[{"embeddable":true,"href":"https:\/\/www.adr-logistics.hu\/en\/wp-json\/wp\/v2\/users\/1"}],"replies":[{"embeddable":true,"href":"https:\/\/www.adr-logistics.hu\/en\/wp-json\/wp\/v2\/comments?post=299"}],"version-history":[{"count":23,"href":"https:\/\/www.adr-logistics.hu\/en\/wp-json\/wp\/v2\/pages\/299\/revisions"}],"predecessor-version":[{"id":1063,"href":"https:\/\/www.adr-logistics.hu\/en\/wp-json\/wp\/v2\/pages\/299\/revisions\/1063"}],"wp:attachment":[{"href":"https:\/\/www.adr-logistics.hu\/en\/wp-json\/wp\/v2\/media?parent=299"}],"curies":[{"name":"wp","href":"https:\/\/api.w.org\/{rel}","templated":true}]}}