{"id":307,"date":"2023-02-22T18:37:30","date_gmt":"2023-02-22T18:37:30","guid":{"rendered":"https:\/\/www.adr-logistics.hu\/?page_id=307"},"modified":"2024-01-23T10:32:43","modified_gmt":"2024-01-23T10:32:43","slug":"freight-forwarding","status":"publish","type":"page","link":"https:\/\/www.adr-logistics.hu\/en\/szallitmanyozas-szolgaltatas\/","title":{"rendered":"Freight Forwarding"},"content":{"rendered":"<p>[et_pb_section fb_built=&#8221;1&#8243; custom_padding_last_edited=&#8221;on|phone&#8221; admin_label=&#8221;Section &#8211; About header&#8221; _builder_version=&#8221;4.20.4&#8243; background_color=&#8221;#dedede&#8221; background_enable_image=&#8221;off&#8221; parallax=&#8221;on&#8221; parallax_method=&#8221;off&#8221; custom_padding=&#8221;7px||173px||false|false&#8221; custom_padding_tablet=&#8221;100px||100px|&#8221; custom_padding_phone=&#8221;75px||75px|&#8221; global_colors_info=&#8221;{}&#8221;][et_pb_row disabled_on=&#8221;on|off|off&#8221; _builder_version=&#8221;4.20.4&#8243; background_size=&#8221;initial&#8221; background_position=&#8221;top_left&#8221; background_repeat=&#8221;repeat&#8221; global_colors_info=&#8221;{}&#8221;][et_pb_column type=&#8221;4_4&#8243; _builder_version=&#8221;4.16&#8243; custom_padding=&#8221;|||&#8221; global_colors_info=&#8221;{}&#8221; custom_padding__hover=&#8221;|||&#8221;][et_pb_text admin_label=&#8221;About Page Top Header &#8211; Text&#8221; _builder_version=&#8221;4.20.4&#8243; text_font=&#8221;|300|||||||&#8221; text_font_size=&#8221;20px&#8221; header_font=&#8221;|700||on|||||&#8221; header_text_color=&#8221;gcid-51fc1cf8-6e7d-40d2-a24b-37bd077c2691&#8243; header_font_size=&#8221;60px&#8221; text_orientation=&#8221;center&#8221; module_alignment=&#8221;center&#8221; text_font_size_tablet=&#8221;19px&#8221; text_font_size_phone=&#8221;17px&#8221; text_font_size_last_edited=&#8221;on|phone&#8221; header_font_size_tablet=&#8221;50px&#8221; header_font_size_phone=&#8221;27px&#8221; header_font_size_last_edited=&#8221;on|phone&#8221; global_colors_info=&#8221;{%22gcid-51fc1cf8-6e7d-40d2-a24b-37bd077c2691%22:%91%22header_text_color%22%93}&#8221;]<\/p>\n<p><img loading=\"lazy\" decoding=\"async\" src=\"https:\/\/www.adr-logistics.hu\/wp-content\/uploads\/szallitmanyozas-ikon.png\" alt=\"Sz\u00e1ll\u00edtm\u00e1nyoz\u00e1s\" width=\"150\" height=\"150\" style=\"float: left;\" title=\"\"><\/p>\n<h1 style=\"padding-top: 5%;\">Sz\u00e1ll\u00edtm\u00e1nyoz\u00e1s<\/h1>\n<p>[\/et_pb_text][\/et_pb_column][\/et_pb_row][et_pb_row disabled_on=&#8221;off|on|on&#8221; _builder_version=&#8221;4.20.4&#8243; background_size=&#8221;initial&#8221; background_position=&#8221;top_left&#8221; background_repeat=&#8221;repeat&#8221; global_colors_info=&#8221;{}&#8221;][et_pb_column type=&#8221;4_4&#8243; _builder_version=&#8221;4.16&#8243; custom_padding=&#8221;|||&#8221; global_colors_info=&#8221;{}&#8221; custom_padding__hover=&#8221;|||&#8221;][et_pb_text admin_label=&#8221;About Page Top Header &#8211; Text&#8221; _builder_version=&#8221;4.20.4&#8243; text_font=&#8221;|300|||||||&#8221; text_font_size=&#8221;20px&#8221; header_font=&#8221;|700||on|||||&#8221; header_text_color=&#8221;gcid-51fc1cf8-6e7d-40d2-a24b-37bd077c2691&#8243; header_font_size=&#8221;60px&#8221; text_orientation=&#8221;center&#8221; module_alignment=&#8221;center&#8221; text_font_size_tablet=&#8221;19px&#8221; text_font_size_phone=&#8221;17px&#8221; text_font_size_last_edited=&#8221;on|phone&#8221; header_font_size_tablet=&#8221;50px&#8221; header_font_size_phone=&#8221;27px&#8221; header_font_size_last_edited=&#8221;on|phone&#8221; global_colors_info=&#8221;{%22gcid-51fc1cf8-6e7d-40d2-a24b-37bd077c2691%22:%91%22header_text_color%22%93}&#8221;]<img loading=\"lazy\" decoding=\"async\" src=\"https:\/\/www.adr-logistics.hu\/wp-content\/uploads\/szallitmanyozas-ikon.png\" alt=\"Sz\u00e1ll\u00edtm\u00e1nyoz\u00e1s\" width=\"150\" height=\"150\" title=\"\"><\/p>\n<h1 style=\"padding-top: 5%;\">Sz\u00e1ll\u00edtm\u00e1nyoz\u00e1s<\/h1>\n<p>[\/et_pb_text][\/et_pb_column][\/et_pb_row][\/et_pb_section][et_pb_section fb_built=&#8221;1&#8243; custom_padding_last_edited=&#8221;on|desktop&#8221; admin_label=&#8221;Section &#8211; About content&#8221; _builder_version=&#8221;4.16&#8243; custom_padding=&#8221;0px||10px|&#8221; custom_padding_tablet=&#8221;50px|||&#8221; custom_padding_phone=&#8221;&#8221; global_colors_info=&#8221;{}&#8221;][et_pb_row column_structure=&#8221;1_2,1_2&#8243; use_custom_gutter=&#8221;on&#8221; gutter_width=&#8221;1&#8243; make_equal=&#8221;on&#8221; module_class=&#8221;about-page-content&#8221; _builder_version=&#8221;4.19.5&#8243; custom_margin_tablet=&#8221;&#8221; custom_margin_phone=&#8221;&#8221; custom_margin_last_edited=&#8221;on|desktop&#8221; custom_padding=&#8221;0px|||&#8221; global_colors_info=&#8221;{}&#8221;][et_pb_column type=&#8221;1_2&#8243; _builder_version=&#8221;4.16&#8243; background_color=&#8221;#ffffff&#8221; custom_padding=&#8221;75px|50px|30px|50px&#8221; custom_padding_tablet=&#8221;30px|0px|0px|0px&#8221; custom_padding_phone=&#8221;30px|0px|0px|0px&#8221; custom_padding_last_edited=&#8221;on|desktop&#8221; global_colors_info=&#8221;{}&#8221; custom_padding__hover=&#8221;|||&#8221;][et_pb_text _builder_version=&#8221;4.21.0&#8243; _module_preset=&#8221;default&#8221; header_font=&#8221;|700|||||||&#8221; header_text_color=&#8221;gcid-51fc1cf8-6e7d-40d2-a24b-37bd077c2691&#8243; custom_padding=&#8221;||20px||false|false&#8221; global_colors_info=&#8221;{%22gcid-51fc1cf8-6e7d-40d2-a24b-37bd077c2691%22:%91%22header_text_color%22%93}&#8221;]<\/p>\n<h1>\u00c9rj oda. Els\u0151k\u00e9nt.<\/h1>\n<p>[\/et_pb_text][et_pb_text _builder_version=&#8221;4.21.0&#8243; quote_text_color=&#8221;#666666&#8243; global_colors_info=&#8221;{}&#8221;]<\/p>\n<p>A kis csomagokt\u00f3l az FTL sz\u00e1ll\u00edtm\u00e1nyokig mozg\u00e1sba hozzuk k\u00fcldem\u00e9nyeit az orsz\u00e1gban, vagy rakt\u00e1ri partnereinknek ak\u00e1r hat\u00e1rainkon t\u00fal. A legkorszer\u0171bb technol\u00f3gi\u00e1nak \u00e9s a folyamatos k\u00e9pz\u00e9snek k\u00f6sz\u00f6nhet\u0151en j\u00e1rm\u0171veink \u00e9s g\u00e9pkocsivezet\u0151ink megfelelnek minden ipar\u00e1gi el\u0151\u00edr\u00e1snak. Ezen k\u00edv\u00fcl sokat tesz\u00fcnk a k\u00f6z\u00fati k\u00f6zleked\u00e9s fenntarthat\u00f3bb\u00e1 t\u00e9tele \u00e9rdek\u00e9ben is, korszer\u0171, vagy egyes esetekben alternat\u00edv meghajt\u00e1s\u00fa j\u00e1rm\u0171vekkel v\u00e9dj\u00fck a k\u00f6z\u00f6s j\u00f6v\u0151nket.<\/p>\n<p>Vesz\u00e9lyes \u00e1rut kell sz\u00e1ll\u00edtani? Mi tudjuk, mit kell tenni. Sof\u0151rjeink \u00e9s az irodai munkat\u00e1rsaink teljesk\u00f6r\u0171 k\u00e9pz\u00e9sben r\u00e9szes\u00fclnek, \u00e9s minden sz\u00fcks\u00e9ges felszerel\u00e9ssel rendelkeznek.<\/p>\n<blockquote>\n<p>Szeret\u00fcnk rendszerekben gondolkodni, ez\u00e9rt Informatikai \u00e9s logisztikai r\u00e9szlegeink innovat\u00edv alkalmaz\u00e1sokat fejlesztenek \u00e9s haszn\u00e1lnak a sz\u00e1ll\u00edtm\u00e1nyok nyomon k\u00f6vet\u00e9s\u00e9re, kezel\u00e9s\u00e9re, valamint a k\u00e1rosanyag-kibocs\u00e1t\u00e1s kimutat\u00e1s\u00e1ra \u00e9s cs\u00f6kkent\u00e9s\u00e9re.<\/p>\n<\/blockquote>\n<p>[\/et_pb_text][\/et_pb_column][et_pb_column type=&#8221;1_2&#8243; _builder_version=&#8221;4.21.0&#8243; background_enable_color=&#8221;off&#8221; background_image=&#8221;https:\/\/www.adr-logistics.hu\/wp-content\/uploads\/fuvarozas-szolgaltatas.jpg&#8221; custom_padding=&#8221;|||&#8221; global_colors_info=&#8221;{}&#8221; custom_padding__hover=&#8221;|||&#8221;][\/et_pb_column][\/et_pb_row][\/et_pb_section][et_pb_section fb_built=&#8221;1&#8243; _builder_version=&#8221;4.16&#8243; custom_padding=&#8221;0px|||&#8221; global_colors_info=&#8221;{}&#8221;][et_pb_row column_structure=&#8221;1_5,1_5,1_5,1_5,1_5&#8243; use_custom_gutter=&#8221;on&#8221; make_equal=&#8221;on&#8221; _builder_version=&#8221;4.24.0&#8243; hover_enabled=&#8221;0&#8243; custom_css_main_element=&#8221;align-items:center;&#8221; global_colors_info=&#8221;{}&#8221; sticky_enabled=&#8221;0&#8243;][et_pb_column type=&#8221;1_5&#8243; _builder_version=&#8221;4.16&#8243; custom_padding=&#8221;|||&#8221; global_colors_info=&#8221;{}&#8221; custom_padding__hover=&#8221;|||&#8221;][et_pb_icon font_icon=&#8221;&#xf0d1;||fa||900&#8243; _builder_version=&#8221;4.19.5&#8243; _module_preset=&#8221;default&#8221; global_colors_info=&#8221;{}&#8221;][\/et_pb_icon][et_pb_text _builder_version=&#8221;4.19.5&#8243; _module_preset=&#8221;default&#8221; global_colors_info=&#8221;{}&#8221;]<\/p>\n<p style=\"text-align: center;\">valid\u00e1lt g\u00e9pj\u00e1rm\u0171vek<\/p>\n<p>[\/et_pb_text][\/et_pb_column][et_pb_column type=&#8221;1_5&#8243; _builder_version=&#8221;4.19.5&#8243; _module_preset=&#8221;default&#8221; global_colors_info=&#8221;{}&#8221;][et_pb_icon font_icon=&#8221;&#xf52f;||fa||900&#8243; _builder_version=&#8221;4.24.0&#8243; _module_preset=&#8221;default&#8221; hover_enabled=&#8221;0&#8243; global_colors_info=&#8221;{}&#8221; url=&#8221;https:\/\/www.adr-logistics.hu\/havi-uzemanyagar&#8221; sticky_enabled=&#8221;0&#8243;][\/et_pb_icon][et_pb_text _builder_version=&#8221;4.24.0&#8243; _module_preset=&#8221;default&#8221; hover_enabled=&#8221;0&#8243; global_colors_info=&#8221;{}&#8221; sticky_enabled=&#8221;0&#8243; link_option_url=&#8221;https:\/\/www.adr-logistics.hu\/havi-uzemanyagar\/&#8221;]<\/p>\n<p style=\"text-align: center;\">havi \u00fczemanyag\u00e1r<\/p>\n<p>[\/et_pb_text][\/et_pb_column][et_pb_column type=&#8221;1_5&#8243; _builder_version=&#8221;4.19.5&#8243; _module_preset=&#8221;default&#8221; global_colors_info=&#8221;{}&#8221;][et_pb_icon font_icon=&#8221;&#xe01c;||divi||400&#8243; _builder_version=&#8221;4.19.5&#8243; _module_preset=&#8221;default&#8221; global_colors_info=&#8221;{}&#8221;][\/et_pb_icon][et_pb_text _builder_version=&#8221;4.19.5&#8243; _module_preset=&#8221;default&#8221; global_colors_info=&#8221;{}&#8221;]<\/p>\n<p style=\"text-align: center;\">GPS nyomk\u00f6vet\u00e9s<\/p>\n<p>[\/et_pb_text][\/et_pb_column][et_pb_column type=&#8221;1_5&#8243; _builder_version=&#8221;4.16&#8243; custom_padding=&#8221;|||&#8221; global_colors_info=&#8221;{}&#8221; custom_padding__hover=&#8221;|||&#8221;][et_pb_icon font_icon=&#8221;&#xf2ca;||fa||900&#8243; _builder_version=&#8221;4.19.5&#8243; _module_preset=&#8221;default&#8221; global_colors_info=&#8221;{}&#8221;][\/et_pb_icon][et_pb_text _builder_version=&#8221;4.19.5&#8243; _module_preset=&#8221;default&#8221; global_colors_info=&#8221;{}&#8221;]<\/p>\n<p style=\"text-align: center;\">2-8 \u00b0C h\u0151m\u00e9rs\u00e9klet\u0171 sz\u00e1ll\u00edt\u00e1si rendszer<\/p>\n<p>[\/et_pb_text][\/et_pb_column][et_pb_column type=&#8221;1_5&#8243; _builder_version=&#8221;4.16&#8243; custom_padding=&#8221;|||&#8221; global_colors_info=&#8221;{}&#8221; custom_padding__hover=&#8221;|||&#8221;][et_pb_icon font_icon=&#8221;&#xf252;||fa||900&#8243; _builder_version=&#8221;4.19.5&#8243; _module_preset=&#8221;default&#8221; global_colors_info=&#8221;{}&#8221;][\/et_pb_icon][et_pb_text _builder_version=&#8221;4.19.5&#8243; _module_preset=&#8221;default&#8221; global_colors_info=&#8221;{}&#8221;]<\/p>\n<p style=\"text-align: center;\">24-48 \u00f3r\u00e1s sz\u00e1ll\u00edt\u00e1s Magyarorsz\u00e1gon<\/p>\n<p>[\/et_pb_text][\/et_pb_column][\/et_pb_row][\/et_pb_section]<\/p>\n","protected":false},"excerpt":{"rendered":"<p>Sz\u00e1ll\u00edtm\u00e1nyoz\u00e1s Sz\u00e1ll\u00edtm\u00e1nyoz\u00e1s\u00c9rj oda. Els\u0151k\u00e9nt.A kis csomagokt\u00f3l az FTL sz\u00e1ll\u00edtm\u00e1nyokig mozg\u00e1sba hozzuk k\u00fcldem\u00e9nyeit az orsz\u00e1gban, vagy rakt\u00e1ri partnereinknek ak\u00e1r hat\u00e1rainkon t\u00fal. A legkorszer\u0171bb technol\u00f3gi\u00e1nak \u00e9s a folyamatos k\u00e9pz\u00e9snek k\u00f6sz\u00f6nhet\u0151en j\u00e1rm\u0171veink \u00e9s g\u00e9pkocsivezet\u0151ink megfelelnek minden ipar\u00e1gi el\u0151\u00edr\u00e1snak. Ezen k\u00edv\u00fcl sokat tesz\u00fcnk a k\u00f6z\u00fati k\u00f6zleked\u00e9s fenntarthat\u00f3bb\u00e1 t\u00e9tele \u00e9rdek\u00e9ben is, korszer\u0171, vagy egyes esetekben alternat\u00edv meghajt\u00e1s\u00fa j\u00e1rm\u0171vekkel v\u00e9dj\u00fck a [&hellip;]<\/p>\n","protected":false},"author":1,"featured_media":0,"parent":0,"menu_order":0,"comment_status":"closed","ping_status":"closed","template":"","meta":{"_et_pb_use_builder":"on","_et_pb_old_content":"","_et_gb_content_width":"","footnotes":""},"class_list":["post-307","page","type-page","status-publish","hentry"],"_links":{"self":[{"href":"https:\/\/www.adr-logistics.hu\/en\/wp-json\/wp\/v2\/pages\/307","targetHints":{"allow":["GET"]}}],"collection":[{"href":"https:\/\/www.adr-logistics.hu\/en\/wp-json\/wp\/v2\/pages"}],"about":[{"href":"https:\/\/www.adr-logistics.hu\/en\/wp-json\/wp\/v2\/types\/page"}],"author":[{"embeddable":true,"href":"https:\/\/www.adr-logistics.hu\/en\/wp-json\/wp\/v2\/users\/1"}],"replies":[{"embeddable":true,"href":"https:\/\/www.adr-logistics.hu\/en\/wp-json\/wp\/v2\/comments?post=307"}],"version-history":[{"count":14,"href":"https:\/\/www.adr-logistics.hu\/en\/wp-json\/wp\/v2\/pages\/307\/revisions"}],"predecessor-version":[{"id":1141,"href":"https:\/\/www.adr-logistics.hu\/en\/wp-json\/wp\/v2\/pages\/307\/revisions\/1141"}],"wp:attachment":[{"href":"https:\/\/www.adr-logistics.hu\/en\/wp-json\/wp\/v2\/media?parent=307"}],"curies":[{"name":"wp","href":"https:\/\/api.w.org\/{rel}","templated":true}]}}