{"id":382,"date":"2023-03-24T15:29:03","date_gmt":"2023-03-24T15:29:03","guid":{"rendered":"https:\/\/www.adr-logistics.hu\/?page_id=382"},"modified":"2026-03-30T10:52:49","modified_gmt":"2026-03-30T10:52:49","slug":"certificates","status":"publish","type":"page","link":"https:\/\/www.adr-logistics.hu\/en\/tanusitvanyok\/","title":{"rendered":"Tanus\u00edtv\u00e1nyok"},"content":{"rendered":"<p>[et_pb_section fb_built=&#8221;1&#8243; custom_padding_last_edited=&#8221;on|phone&#8221; admin_label=&#8221;Section &#8211; About header&#8221; _builder_version=&#8221;4.20.4&#8243; background_color=&#8221;#dedede&#8221; background_enable_image=&#8221;off&#8221; parallax=&#8221;on&#8221; parallax_method=&#8221;off&#8221; custom_padding=&#8221;7px||173px||false|false&#8221; custom_padding_tablet=&#8221;100px||100px|&#8221; custom_padding_phone=&#8221;75px||75px|&#8221; global_colors_info=&#8221;{}&#8221;][et_pb_row _builder_version=&#8221;4.19.5&#8243; background_size=&#8221;initial&#8221; background_position=&#8221;top_left&#8221; background_repeat=&#8221;repeat&#8221; global_colors_info=&#8221;{}&#8221;][et_pb_column type=&#8221;4_4&#8243; _builder_version=&#8221;4.19.5&#8243; custom_padding=&#8221;|||&#8221; global_colors_info=&#8221;{}&#8221; custom_padding__hover=&#8221;|||&#8221;][et_pb_text admin_label=&#8221;About Page Top Header &#8211; Text&#8221; _builder_version=&#8221;4.19.5&#8243; text_font=&#8221;|300|||||||&#8221; text_font_size=&#8221;20px&#8221; header_font=&#8221;|700||on|||||&#8221; header_text_color=&#8221;gcid-51fc1cf8-6e7d-40d2-a24b-37bd077c2691&#8243; header_font_size=&#8221;60px&#8221; header_line_height=&#8221;1.6em&#8221; text_orientation=&#8221;center&#8221; module_alignment=&#8221;center&#8221; text_font_size_tablet=&#8221;19px&#8221; text_font_size_phone=&#8221;17px&#8221; text_font_size_last_edited=&#8221;on|phone&#8221; header_font_size_tablet=&#8221;50px&#8221; header_font_size_phone=&#8221;29px&#8221; header_font_size_last_edited=&#8221;on|tablet&#8221; global_colors_info=&#8221;{%22gcid-51fc1cf8-6e7d-40d2-a24b-37bd077c2691%22:%91%22header_text_color%22%93}&#8221;]<\/p>\n<h1>Tan\u00fas\u00edtv\u00e1nyok, jelent\u00e9sek<\/h1>\n<p>&nbsp;<\/p>\n<p>[\/et_pb_text][et_pb_text _builder_version=&#8221;4.27.6&#8243; _module_preset=&#8221;default&#8221; hover_enabled=&#8221;0&#8243; global_colors_info=&#8221;{}&#8221; sticky_enabled=&#8221;0&#8243;]Rendk\u00edv\u00fcl b\u00fcszk\u00e9k vagyunk arra, hogy szolg\u00e1ltat\u00e1saink min\u0151s\u00e9g\u00e9t nem csak \u00fcgyfeleink, hanem f\u00fcggetlen min\u0151s\u00edt\u0151 int\u00e9zetek is elismert\u00e9k. Ezek a tan\u00fas\u00edtv\u00e1nyok, \u00e9s a hozz\u00e1juk kapcsol\u00f3d\u00f3 szigor\u00fa szab\u00e1lyoz\u00e1sok sz\u00e1munkra a szakmai munk\u00e1nk \u00e9s precizit\u00e1sunk elismer\u00e9s\u00e9t, partnereink sz\u00e1m\u00e1ra pedig a kisz\u00e1m\u00edthat\u00f3, biztons\u00e1gos \u00e9s j\u00f3l szervezett \u00fcgymenetet jelentik.<\/p>\n<p>Jelenleg a k\u00f6vetkez\u0151 nemzetk\u00f6zi min\u0151s\u00e9gbiztos\u00edt\u00e1si rendszerekkel rendelkez\u00fcnk:<\/p>\n<ul>\n<li><a href=\"https:\/\/www.adr-logistics.hu\/wp-content\/uploads\/HACCP_2024.pdf\" target=\"_blank\" rel=\"noopener\">HACCP<\/a><\/li>\n<li><a href=\"https:\/\/www.adr-logistics.hu\/wp-content\/uploads\/SQAS_20231114.pdf\" target=\"_blank\" rel=\"noopener\">SQAS<\/a><\/li>\n<li><a href=\"https:\/\/www.adr-logistics.hu\/wp-content\/uploads\/ISO-9001-2024_20270626_HU.pdf\" target=\"_blank\" rel=\"noopener\">ISO 9001<\/a><\/li>\n<li><a href=\"https:\/\/www.adr-logistics.hu\/wp-content\/uploads\/ISO-IEC_27001-HUN-202718-2016-AIS-BUD-UKAS-4-20251006.pdf\" target=\"_blank\" rel=\"noopener\">ISO 27001<\/a><\/li>\n<\/ul>\n<p>Jelent\u00e9sek<\/p>\n<ul>\n<li><a href=\"https:\/\/www.adr-logistics.hu\/wp-content\/uploads\/849_EJ_2025-ADR_honlapra_.pdf\" target=\"_blank\" rel=\"noopener\">Energetikai szakreferens \u2013 \u00c9ves jelent\u00e9s 2025<\/a><\/li>\n<li><a href=\"https:\/\/www.adr-logistics.hu\/wp-content\/uploads\/849_EJ_2024-ADR-honlapra.pdf\" target=\"_blank\" rel=\"noopener\">Energetikai szakreferens \u2013 \u00c9ves jelent\u00e9s 2024<\/a><\/li>\n<li><a href=\"https:\/\/www.adr-logistics.hu\/wp-content\/uploads\/849_EJ_2023-ADR_honlapra_m2.pdf\" target=\"_blank\" rel=\"noopener\">Energetikai szakreferens \u2013 \u00c9ves jelent\u00e9s 2023<\/a><\/li>\n<li><a href=\"https:\/\/www.adr-logistics.hu\/wp-content\/uploads\/849_EJ_2022-ADR_honlapra.pdf\" target=\"_blank\" rel=\"noopener\">Energetikai szakreferens \u2013 \u00c9ves jelent\u00e9s 2022<\/a><\/li>\n<li><a href=\"https:\/\/www.adr-logistics.hu\/wp-content\/uploads\/849_EJ_2021-ADR_honlapra_m1.pdf\" target=\"_blank\" rel=\"noopener\">Energetikai szakreferens \u2013 \u00c9ves jelent\u00e9s 2021<\/a><\/li>\n<li><a href=\"https:\/\/www.adr-logistics.hu\/wp-content\/uploads\/849_EJ_2020-ADR-honlapra.pdf\" target=\"_blank\" rel=\"noopener\">Energetikai szakreferens \u2013 \u00c9ves jelent\u00e9s 2020<\/a><\/li>\n<li><a href=\"https:\/\/www.adr-logistics.hu\/wp-content\/uploads\/849_EJ_2019-ADR-honlapra.pdf\" target=\"_blank\" rel=\"noopener\">Energetikai szakreferens \u2013 \u00c9ves jelent\u00e9s 2019<\/a><\/li>\n<li><a href=\"https:\/\/www.adr-logistics.hu\/wp-content\/uploads\/849_EJ_2018-ADR_honlapra2018.pdf\" target=\"_blank\" rel=\"noopener\">Energetikai szakreferens \u2013 \u00c9ves jelent\u00e9s 2018<\/a><\/li>\n<li><a href=\"https:\/\/www.adr-logistics.hu\/wp-content\/uploads\/energetikai_szakreferens_eves2017.pdf\" target=\"_blank\" rel=\"noopener\">Energetikai szakreferens \u2013 \u00c9ves jelent\u00e9s 2017<\/a><\/li>\n<\/ul>\n<p>[\/et_pb_text][\/et_pb_column][\/et_pb_row][\/et_pb_section][et_pb_section fb_built=&#8221;1&#8243; custom_padding_last_edited=&#8221;on|desktop&#8221; admin_label=&#8221;Section &#8211; About content&#8221; _builder_version=&#8221;4.16&#8243; custom_padding=&#8221;0px||10px|&#8221; custom_padding_tablet=&#8221;50px|||&#8221; custom_padding_phone=&#8221;&#8221; global_colors_info=&#8221;{}&#8221;][\/et_pb_section][et_pb_section fb_built=&#8221;1&#8243; _builder_version=&#8221;4.19.5&#8243; _module_preset=&#8221;default&#8221; custom_margin=&#8221;0px||0px||false|false&#8221; custom_padding=&#8221;0px||0px||false|false&#8221; global_colors_info=&#8221;{}&#8221;][et_pb_row _builder_version=&#8221;4.19.5&#8243; _module_preset=&#8221;default&#8221; global_colors_info=&#8221;{}&#8221;][et_pb_column type=&#8221;4_4&#8243; _builder_version=&#8221;4.19.5&#8243; _module_preset=&#8221;default&#8221; global_colors_info=&#8221;{}&#8221;][et_pb_divider show_divider=&#8221;off&#8221; _builder_version=&#8221;4.19.5&#8243; _module_preset=&#8221;default&#8221; global_colors_info=&#8221;{}&#8221;][\/et_pb_divider][\/et_pb_column][\/et_pb_row][\/et_pb_section]<\/p>\n","protected":false},"excerpt":{"rendered":"<p>Tan\u00fas\u00edtv\u00e1nyok, jelent\u00e9sek &nbsp;Rendk\u00edv\u00fcl b\u00fcszk\u00e9k vagyunk arra, hogy szolg\u00e1ltat\u00e1saink min\u0151s\u00e9g\u00e9t nem csak \u00fcgyfeleink, hanem f\u00fcggetlen min\u0151s\u00edt\u0151 int\u00e9zetek is elismert\u00e9k. Ezek a tan\u00fas\u00edtv\u00e1nyok, \u00e9s a hozz\u00e1juk kapcsol\u00f3d\u00f3 szigor\u00fa szab\u00e1lyoz\u00e1sok sz\u00e1munkra a szakmai munk\u00e1nk \u00e9s precizit\u00e1sunk elismer\u00e9s\u00e9t, partnereink sz\u00e1m\u00e1ra pedig a kisz\u00e1m\u00edthat\u00f3, biztons\u00e1gos \u00e9s j\u00f3l szervezett \u00fcgymenetet jelentik. Jelenleg a k\u00f6vetkez\u0151 nemzetk\u00f6zi min\u0151s\u00e9gbiztos\u00edt\u00e1si rendszerekkel rendelkez\u00fcnk: HACCP SQAS ISO [&hellip;]<\/p>\n","protected":false},"author":1,"featured_media":0,"parent":0,"menu_order":0,"comment_status":"closed","ping_status":"closed","template":"","meta":{"_et_pb_use_builder":"on","_et_pb_old_content":"","_et_gb_content_width":"","footnotes":""},"class_list":["post-382","page","type-page","status-publish","hentry"],"_links":{"self":[{"href":"https:\/\/www.adr-logistics.hu\/en\/wp-json\/wp\/v2\/pages\/382","targetHints":{"allow":["GET"]}}],"collection":[{"href":"https:\/\/www.adr-logistics.hu\/en\/wp-json\/wp\/v2\/pages"}],"about":[{"href":"https:\/\/www.adr-logistics.hu\/en\/wp-json\/wp\/v2\/types\/page"}],"author":[{"embeddable":true,"href":"https:\/\/www.adr-logistics.hu\/en\/wp-json\/wp\/v2\/users\/1"}],"replies":[{"embeddable":true,"href":"https:\/\/www.adr-logistics.hu\/en\/wp-json\/wp\/v2\/comments?post=382"}],"version-history":[{"count":15,"href":"https:\/\/www.adr-logistics.hu\/en\/wp-json\/wp\/v2\/pages\/382\/revisions"}],"predecessor-version":[{"id":1572,"href":"https:\/\/www.adr-logistics.hu\/en\/wp-json\/wp\/v2\/pages\/382\/revisions\/1572"}],"wp:attachment":[{"href":"https:\/\/www.adr-logistics.hu\/en\/wp-json\/wp\/v2\/media?parent=382"}],"curies":[{"name":"wp","href":"https:\/\/api.w.org\/{rel}","templated":true}]}}