{"id":543,"date":"2023-04-21T18:17:58","date_gmt":"2023-04-21T18:17:58","guid":{"rendered":"https:\/\/www.adr-logistics.hu\/?page_id=543"},"modified":"2024-11-22T10:05:09","modified_gmt":"2024-11-22T10:05:09","slug":"information-for-drivers","status":"publish","type":"page","link":"https:\/\/www.adr-logistics.hu\/en\/gepkocsivezetoknek\/","title":{"rendered":"Information for drivers"},"content":{"rendered":"<p>[et_pb_section fb_built=&#8221;1&#8243; custom_padding_last_edited=&#8221;on|desktop&#8221; _builder_version=&#8221;4.27.3&#8243; custom_padding=&#8221;||||false|false&#8221; custom_padding_tablet=&#8221;50px||30px|&#8221; custom_padding_phone=&#8221;0px||||false|false&#8221; top_divider_height_tablet=&#8221;&#8221; top_divider_height_phone=&#8221;100px&#8221; top_divider_height_last_edited=&#8221;on|phone&#8221; hover_enabled=&#8221;0&#8243; global_colors_info=&#8221;{}&#8221; sticky_enabled=&#8221;0&#8243;][et_pb_row use_custom_gutter=&#8221;on&#8221; gutter_width=&#8221;1&#8243; make_equal=&#8221;on&#8221; custom_padding_last_edited=&#8221;on|phone&#8221; module_class=&#8221;contact-blurbs-row&#8221; _builder_version=&#8221;4.20.4&#8243; width=&#8221;100%&#8221; max_width=&#8221;100%&#8221; custom_padding=&#8221;0px|||&#8221; custom_padding_tablet=&#8221;30px|||&#8221; custom_padding_phone=&#8221;&#8221; global_colors_info=&#8221;{}&#8221;][et_pb_column type=&#8221;4_4&#8243; _builder_version=&#8221;4.16&#8243; custom_padding=&#8221;|||&#8221; global_colors_info=&#8221;{}&#8221; custom_padding__hover=&#8221;|||&#8221;][et_pb_text _builder_version=&#8221;4.21.0&#8243; _module_preset=&#8221;default&#8221; header_text_color=&#8221;gcid-51fc1cf8-6e7d-40d2-a24b-37bd077c2691&#8243; header_font_size=&#8221;37px&#8221; header_letter_spacing=&#8221;2px&#8221; header_line_height=&#8221;1.5em&#8221; header_font_size_tablet=&#8221;37px&#8221; header_font_size_phone=&#8221;31px&#8221; header_font_size_last_edited=&#8221;on|phone&#8221; global_colors_info=&#8221;{%22gcid-51fc1cf8-6e7d-40d2-a24b-37bd077c2691%22:%91%22header_text_color%22%93}&#8221;]<\/p>\n<h1 style=\"text-align: center;\">Inform\u00e1ci\u00f3 g\u00e9pkocsivezet\u0151knek<\/h1>\n<p>[\/et_pb_text][et_pb_text _builder_version=&#8221;4.20.4&#8243; _module_preset=&#8221;default&#8221; header_text_color=&#8221;gcid-51fc1cf8-6e7d-40d2-a24b-37bd077c2691&#8243; header_font_size=&#8221;23px&#8221; header_line_height=&#8221;1.5em&#8221; global_colors_info=&#8221;{%22gcid-51fc1cf8-6e7d-40d2-a24b-37bd077c2691%22:%91%22header_text_color%22%93}&#8221;]<\/p>\n<h1 style=\"text-align: center;\">Id\u0151kapu k\u00e9r\u00e9se nem sz\u00fcks\u00e9ges!<\/h1>\n<p>[\/et_pb_text][\/et_pb_column][\/et_pb_row][et_pb_row column_structure=&#8221;1_3,1_3,1_3&#8243; use_custom_gutter=&#8221;on&#8221; make_equal=&#8221;on&#8221; _builder_version=&#8221;4.20.4&#8243; _module_preset=&#8221;default&#8221; width=&#8221;95%&#8221; max_width=&#8221;95%&#8221; global_colors_info=&#8221;{}&#8221;][et_pb_column type=&#8221;1_3&#8243; _builder_version=&#8221;4.20.4&#8243; _module_preset=&#8221;default&#8221; global_colors_info=&#8221;{}&#8221;][et_pb_text _builder_version=&#8221;4.21.0&#8243; _module_preset=&#8221;default&#8221; text_font_size=&#8221;16px&#8221; custom_margin=&#8221;3%||||false|false&#8221; global_colors_info=&#8221;{}&#8221;]<\/p>\n<h3 style=\"text-align: center;\">Ak\u00e1cliget Logisztikai K\u00f6zpont<\/h3>\n<p style=\"text-align: center;\"><a href=\"https:\/\/www.google.com\/maps\/place\/Gy%C3%A1l,+Gorcsev+Iv%C3%A1n+utca+5,+2360\/@47.3582741,19.193653,17z\/data=!3m1!4b1!4m6!3m5!1s0x4741eb306001753f:0x6f9fdfec7c95cc0f!8m2!3d47.3582705!4d19.1962333!16s%2Fg%2F11j7y1m0d9\" target=\"_blank\" rel=\"noopener\">2360 Gy\u00e1l, Gorcsev Iv\u00e1n utca 5.<\/a><br \/>GPS: <a href=\"https:\/\/www.google.com\/maps\/place\/47%C2%B021&#039;41.1%22N+19%C2%B011&#039;30.6%22E\/@47.361415,19.191828,16z\/data=!4m4!3m3!8m2!3d47.3614167!4d19.1918333?hl=hu\" target=\"_blank\" rel=\"noopener\">47\u00b0 21\u2032 41,09&#8243; N 19\u00b0 11\u2032 30,59&#8243; E<\/a><\/p>\n<p>[\/et_pb_text][et_pb_code _builder_version=&#8221;4.27.3&#8243; _module_preset=&#8221;default&#8221; hover_enabled=&#8221;0&#8243; global_colors_info=&#8221;{}&#8221; text_orientation=&#8221;center&#8221; sticky_enabled=&#8221;0&#8243;]<iframe src=\"https:\/\/www.google.com\/maps\/embed?pb=!1m18!1m12!1m3!1d5405.527651455923!2d19.188100826308343!3d47.35800875413755!2m3!1f0!2f0!3f0!3m2!1i1024!2i768!4f13.1!3m3!1m2!1s0x4741ebb921dd9d35%3A0x57d1448d8db10329!2sADR%20logistics%20Kft.!5e0!3m2!1shu!2shu!4v1682497198137!5m2!1shu!2shu\" width=\"600\" height=\"450\" style=\"border:0;\" allowfullscreen=\"\" loading=\"lazy\" referrerpolicy=\"no-referrer-when-downgrade\"><\/iframe>[\/et_pb_code][et_pb_image src=&#8221;https:\/\/www.adr-logistics.hu\/wp-content\/uploads\/2023\/02\/ADR_kapcsolat.jpg&#8221; title_text=&#8221;ADR_kapcsolat&#8221; _builder_version=&#8221;4.20.4&#8243; _module_preset=&#8221;default&#8221; global_colors_info=&#8221;{}&#8221;][\/et_pb_image][\/et_pb_column][et_pb_column type=&#8221;1_3&#8243; _builder_version=&#8221;4.20.4&#8243; _module_preset=&#8221;default&#8221; global_colors_info=&#8221;{}&#8221;][et_pb_divider divider_weight=&#8221;0px&#8221; disabled_on=&#8221;off|on|on&#8221; _builder_version=&#8221;4.20.4&#8243; _module_preset=&#8221;default&#8221; global_colors_info=&#8221;{}&#8221;][\/et_pb_divider][et_pb_text _builder_version=&#8221;4.21.0&#8243; _module_preset=&#8221;default&#8221; text_font_size=&#8221;16px&#8221; custom_margin=&#8221;3%||||false|false&#8221; global_colors_info=&#8221;{}&#8221;]<\/p>\n<h3 style=\"text-align: center;\">Gy\u00e1l Logistics Centre<\/h3>\n<p style=\"text-align: center;\"><a href=\"https:\/\/www.google.com\/maps\/place\/Gy%C3%A1l,+Gorcsev+Iv%C3%A1n+utca+1,+2360\/@47.3581501,19.1935299,17z\/data=!3m1!4b1!4m6!3m5!1s0x4741ebc64324cb27:0xa636810dffe76a06!8m2!3d47.3581465!4d19.1961102!16s%2Fg%2F11rpth37w\" target=\"_blank\" rel=\"noopener\">2360 Gy\u00e1l, Gorcsev Iv\u00e1n utca 1.<\/a><br \/>GPS: <a href=\"https:\/\/www.google.com\/maps\/place\/47%C2%B021&#039;30.7%22N+19%C2%B011&#039;43.3%22E\/@47.3585335,19.1905035,17z\/data=!3m1!4b1!4m10!1m5!3m4!2zNDfCsDIxJzMzLjkiTiAxOcKwMTEnMzQuNiJF!8m2!3d47.3594167!4d19.1929444!3m3!8m2!3d47.35853!4d19.195369?hl=hu\" target=\"_blank\" rel=\"noopener\">47\u00b0 21\u2032 33.9&#8243; N 19\u00b0 11\u2032 34.6 E<\/a><\/p>\n<p>[\/et_pb_text][et_pb_code _builder_version=&#8221;4.27.3&#8243; _module_preset=&#8221;default&#8221; hover_enabled=&#8221;0&#8243; global_colors_info=&#8221;{}&#8221; text_orientation=&#8221;center&#8221; sticky_enabled=&#8221;0&#8243;]<iframe loading=\"lazy\" src=\"https:\/\/www.google.com\/maps\/embed?pb=!1m18!1m12!1m3!1d2702.7267978607088!2d19.19248995178055!3d47.35873161295777!2m3!1f0!2f0!3f0!3m2!1i1024!2i768!4f13.1!3m3!1m2!1s0x0%3A0x0!2zNDfCsDIxJzMxLjQiTiAxOcKwMTEnNDAuOSJF!5e0!3m2!1sen!2shu!4v1500274488652\" width=\"600\" height=\"450\" frameborder=\"0\" style=\"border:0\" allowfullscreen=\"\"><\/iframe>[\/et_pb_code][et_pb_image src=&#8221;https:\/\/www.adr-logistics.hu\/wp-content\/uploads\/Gyal-GLC.jpg&#8221; title_text=&#8221;Gy\u00e1l GLC&#8221; _builder_version=&#8221;4.20.4&#8243; _module_preset=&#8221;default&#8221; global_colors_info=&#8221;{}&#8221;][\/et_pb_image][\/et_pb_column][et_pb_column type=&#8221;1_3&#8243; _builder_version=&#8221;4.20.4&#8243; _module_preset=&#8221;default&#8221; global_colors_info=&#8221;{}&#8221;][et_pb_divider divider_weight=&#8221;0px&#8221; disabled_on=&#8221;off|on|on&#8221; _builder_version=&#8221;4.20.4&#8243; _module_preset=&#8221;default&#8221; global_colors_info=&#8221;{}&#8221;][\/et_pb_divider][et_pb_text _builder_version=&#8221;4.21.0&#8243; _module_preset=&#8221;default&#8221; text_font_size=&#8221;16px&#8221; custom_margin=&#8221;3%||||false|false&#8221; global_colors_info=&#8221;{}&#8221;]<\/p>\n<h3 style=\"text-align: center;\">Buda\u00f6rs Pharma Park<\/h3>\n<p style=\"text-align: center;\"><a href=\"https:\/\/www.google.com\/maps\/place\/Buda%C3%B6rs,+Vas%C3%BAt+u.+13,+2040\/@47.4469182,18.9603209,17z\/data=!3m1!4b1!4m6!3m5!1s0x4741e0a3f33481c1:0x5ae56fc7acb587a2!8m2!3d47.4469146!4d18.9629012!16s%2Fg%2F11gr826qqs\" target=\"_blank\" rel=\"noopener\">2040 Buda\u00f6rs, Vas\u00fat u. 13.<\/a><br \/>GPS: <a href=\"https:\/\/www.google.com\/maps\/place\/47%C2%B026&#039;48.3%22N+18%C2%B057&#039;44.3%22E\/@47.4467483,18.9574413,17z\/data=!3m1!4b1!4m4!3m3!8m2!3d47.4467448!4d18.9623068?hl=hu\" target=\"_blank\" rel=\"noopener\">47\u00b0 26&#8242; 48.2814&#8243; N 18\u00b0 57&#8242; 44.3046&#8243; E<\/a><\/p>\n<p>[\/et_pb_text][et_pb_code _builder_version=&#8221;4.27.3&#8243; _module_preset=&#8221;default&#8221; hover_enabled=&#8221;0&#8243; global_colors_info=&#8221;{}&#8221; text_orientation=&#8221;center&#8221; sticky_enabled=&#8221;0&#8243;]<iframe loading=\"lazy\" src=\"https:\/\/www.google.com\/maps\/embed?pb=!1m18!1m12!1m3!1d2698.1985447236816!2d18.95927791562498!3d47.44706907917435!2m3!1f0!2f0!3f0!3m2!1i1024!2i768!4f13.1!3m3!1m2!1s0x4741e0a3bf6e19f3%3A0x94441dd277c1e4db!2zQnVkYcO2cnMsIFZhc8O6dCB1LiAxMywgMjA0MA!5e0!3m2!1shu!2shu!4v1497873517361\" width=\"600\" height=\"450\" frameborder=\"0\" style=\"border:0\"><\/iframe>[\/et_pb_code][et_pb_image src=&#8221;https:\/\/www.adr-logistics.hu\/wp-content\/uploads\/pharmaPark.jpg&#8221; title_text=&#8221;pharmaPark&#8221; _builder_version=&#8221;4.20.4&#8243; _module_preset=&#8221;default&#8221; global_colors_info=&#8221;{}&#8221;][\/et_pb_image][\/et_pb_column][\/et_pb_row][\/et_pb_section]<\/p>\n","protected":false},"excerpt":{"rendered":"<p>Inform\u00e1ci\u00f3 g\u00e9pkocsivezet\u0151knekId\u0151kapu k\u00e9r\u00e9se nem sz\u00fcks\u00e9ges!Ak\u00e1cliget Logisztikai K\u00f6zpont 2360 Gy\u00e1l, Gorcsev Iv\u00e1n utca 5.GPS: 47\u00b0 21\u2032 41,09&#8243; N 19\u00b0 11\u2032 30,59&#8243; EGy\u00e1l Logistics Centre 2360 Gy\u00e1l, Gorcsev Iv\u00e1n utca 1.GPS: 47\u00b0 21\u2032 33.9&#8243; N 19\u00b0 11\u2032 34.6 EBuda\u00f6rs Pharma Park 2040 Buda\u00f6rs, Vas\u00fat u. 13.GPS: 47\u00b0 26&#8242; 48.2814&#8243; N 18\u00b0 57&#8242; 44.3046&#8243; E<\/p>","protected":false},"author":1,"featured_media":0,"parent":0,"menu_order":0,"comment_status":"closed","ping_status":"closed","template":"","meta":{"_et_pb_use_builder":"on","_et_pb_old_content":"","_et_gb_content_width":"","footnotes":""},"class_list":["post-543","page","type-page","status-publish","hentry"],"_links":{"self":[{"href":"https:\/\/www.adr-logistics.hu\/en\/wp-json\/wp\/v2\/pages\/543","targetHints":{"allow":["GET"]}}],"collection":[{"href":"https:\/\/www.adr-logistics.hu\/en\/wp-json\/wp\/v2\/pages"}],"about":[{"href":"https:\/\/www.adr-logistics.hu\/en\/wp-json\/wp\/v2\/types\/page"}],"author":[{"embeddable":true,"href":"https:\/\/www.adr-logistics.hu\/en\/wp-json\/wp\/v2\/users\/1"}],"replies":[{"embeddable":true,"href":"https:\/\/www.adr-logistics.hu\/en\/wp-json\/wp\/v2\/comments?post=543"}],"version-history":[{"count":14,"href":"https:\/\/www.adr-logistics.hu\/en\/wp-json\/wp\/v2\/pages\/543\/revisions"}],"predecessor-version":[{"id":1284,"href":"https:\/\/www.adr-logistics.hu\/en\/wp-json\/wp\/v2\/pages\/543\/revisions\/1284"}],"wp:attachment":[{"href":"https:\/\/www.adr-logistics.hu\/en\/wp-json\/wp\/v2\/media?parent=543"}],"curies":[{"name":"wp","href":"https:\/\/api.w.org\/{rel}","templated":true}]}}