{"id":55,"date":"2023-02-21T13:44:46","date_gmt":"2023-02-21T13:44:46","guid":{"rendered":"https:\/\/demo.hellowp.io\/1\/?page_id=21"},"modified":"2023-06-20T10:50:43","modified_gmt":"2023-06-20T10:50:43","slug":"food-logistics","status":"publish","type":"page","link":"https:\/\/www.adr-logistics.hu\/en\/elelmiszer-logisztika-szolgaltatas\/","title":{"rendered":"Food logistics"},"content":{"rendered":"<p>[et_pb_section fb_built=&#8221;1&#8243; custom_padding_last_edited=&#8221;on|phone&#8221; admin_label=&#8221;Section &#8211; About header&#8221; _builder_version=&#8221;4.20.4&#8243; background_color=&#8221;#dedede&#8221; background_enable_image=&#8221;off&#8221; parallax=&#8221;on&#8221; parallax_method=&#8221;off&#8221; custom_padding=&#8221;7px||173px||false|false&#8221; custom_padding_tablet=&#8221;100px||100px|&#8221; custom_padding_phone=&#8221;75px||75px|&#8221; global_colors_info=&#8221;{}&#8221;][et_pb_row _builder_version=&#8221;4.16&#8243; background_size=&#8221;initial&#8221; background_position=&#8221;top_left&#8221; background_repeat=&#8221;repeat&#8221; global_colors_info=&#8221;{}&#8221;][et_pb_column type=&#8221;4_4&#8243; _builder_version=&#8221;4.16&#8243; custom_padding=&#8221;|||&#8221; global_colors_info=&#8221;{}&#8221; custom_padding__hover=&#8221;|||&#8221;][et_pb_text disabled_on=&#8221;on|off|off&#8221; admin_label=&#8221;About Page Top Header &#8211; Text&#8221; _builder_version=&#8221;4.20.4&#8243; text_font=&#8221;|300|||||||&#8221; text_font_size=&#8221;20px&#8221; header_font=&#8221;|700||on|||||&#8221; header_text_color=&#8221;#5dbb46&#8243; header_font_size=&#8221;60px&#8221; text_orientation=&#8221;center&#8221; module_alignment=&#8221;center&#8221; text_font_size_tablet=&#8221;19px&#8221; text_font_size_phone=&#8221;17px&#8221; text_font_size_last_edited=&#8221;on|phone&#8221; header_font_size_tablet=&#8221;50px&#8221; header_font_size_phone=&#8221;35px&#8221; header_font_size_last_edited=&#8221;on|tablet&#8221; global_colors_info=&#8221;{}&#8221;]<\/p>\n<p><img loading=\"lazy\" decoding=\"async\" src=\"https:\/\/www.adr-logistics.hu\/wp-content\/uploads\/2023\/02\/elelmiszer-ikon.png\" alt=\"\u00c9lelmiszer logisztika\" width=\"150\" height=\"150\" style=\"float: left;\" title=\"\"><\/p>\n<h1 style=\"padding-top: 5%;\">\u00c9lelmiszer logisztika<\/h1>\n<p>[\/et_pb_text][et_pb_text disabled_on=&#8221;off|on|on&#8221; admin_label=&#8221;About Page Top Header &#8211; Text&#8221; _builder_version=&#8221;4.20.4&#8243; text_font=&#8221;|300|||||||&#8221; text_font_size=&#8221;20px&#8221; header_font=&#8221;|700||on|||||&#8221; header_text_color=&#8221;#5dbb46&#8243; header_font_size=&#8221;60px&#8221; header_letter_spacing=&#8221;1px&#8221; header_line_height=&#8221;1.5em&#8221; text_orientation=&#8221;center&#8221; module_alignment=&#8221;center&#8221; text_font_size_tablet=&#8221;19px&#8221; text_font_size_phone=&#8221;17px&#8221; text_font_size_last_edited=&#8221;on|phone&#8221; header_font_size_tablet=&#8221;50px&#8221; header_font_size_phone=&#8221;35px&#8221; header_font_size_last_edited=&#8221;on|tablet&#8221; global_colors_info=&#8221;{}&#8221;]<img loading=\"lazy\" decoding=\"async\" src=\"https:\/\/www.adr-logistics.hu\/wp-content\/uploads\/2023\/02\/elelmiszer-ikon.png\" alt=\"\u00c9lelmiszer logisztika\" width=\"150\" height=\"150\" title=\"\"><\/p>\n<h1 style=\"padding-top: 5%;\">\u00c9lelmiszer logisztika<\/h1>\n<p>[\/et_pb_text][\/et_pb_column][\/et_pb_row][\/et_pb_section][et_pb_section fb_built=&#8221;1&#8243; custom_padding_last_edited=&#8221;on|desktop&#8221; admin_label=&#8221;Section &#8211; About content&#8221; _builder_version=&#8221;4.16&#8243; custom_padding=&#8221;0px||10px|&#8221; custom_padding_tablet=&#8221;50px|||&#8221; custom_padding_phone=&#8221;&#8221; global_colors_info=&#8221;{}&#8221;][et_pb_row column_structure=&#8221;1_2,1_2&#8243; use_custom_gutter=&#8221;on&#8221; gutter_width=&#8221;1&#8243; make_equal=&#8221;on&#8221; module_class=&#8221;about-page-content&#8221; _builder_version=&#8221;4.19.5&#8243; custom_margin_tablet=&#8221;&#8221; custom_margin_phone=&#8221;&#8221; custom_margin_last_edited=&#8221;on|desktop&#8221; custom_padding=&#8221;0px|||&#8221; global_colors_info=&#8221;{}&#8221;][et_pb_column type=&#8221;1_2&#8243; _builder_version=&#8221;4.16&#8243; background_color=&#8221;#ffffff&#8221; custom_padding=&#8221;75px|50px|30px|50px&#8221; custom_padding_tablet=&#8221;30px|0px|0px|0px&#8221; custom_padding_phone=&#8221;30px|0px|0px|0px&#8221; custom_padding_last_edited=&#8221;on|desktop&#8221; global_colors_info=&#8221;{}&#8221; custom_padding__hover=&#8221;|||&#8221;][et_pb_text admin_label=&#8221;Text h1 header&#8221; _builder_version=&#8221;4.21.0&#8243; header_font=&#8221;|700|||||||&#8221; header_text_color=&#8221;#5dbb46&#8243; header_font_size=&#8221;35px&#8221; custom_margin=&#8221;||20px|&#8221; header_font_size_tablet=&#8221;33px&#8221; header_font_size_phone=&#8221;27px&#8221; header_font_size_last_edited=&#8221;on|phone&#8221; global_colors_info=&#8221;{}&#8221;]<\/p>\n<h1>Felszolg\u00e1lva. Els\u0151k\u00e9nt. <\/h1>\n<p>[\/et_pb_text][et_pb_text quote_border_color=&#8221;#5dbb46&#8243; admin_label=&#8221;Sz\u00f6veg&#8221; _builder_version=&#8221;4.21.0&#8243; hover_enabled=&#8221;0&#8243; global_colors_info=&#8221;{}&#8221; sticky_enabled=&#8221;0&#8243;]Az ADR Logistics Kft. felismerte azt a t\u00e9nyt, hogy a pr\u00e9mium \u00e9lelmiszerek \u00e9s italok gy\u00e1rt\u00f3i is szem\u00e9lyre szabott megold\u00e1sokat ig\u00e9nyelnek a szolg\u00e1ltat\u00f3kt\u00f3l. Ez\u00e9rt 2001-ben megalap\u00edtottuk, \u00e9s az\u00f3ta folyamatosan fejlesztj\u00fck \u00c9lelmiszer logisztikai \u00fczlet\u00e1gunkat, amely m\u00e1r a v\u00e1llalatunk egyik meghat\u00e1roz\u00f3 r\u00e9sz\u00e9v\u00e9 v\u00e1lt, \u00e9s jelent\u0151s b\u0151v\u00edt\u00e9s\u00e9vel 2017-ben megnyitottuk \u00faj \u00e9lelmiszer rakt\u00e1runkat Gy\u00e1lon. Szigor\u00faan betartjuk a vonatkoz\u00f3 \u00e9lelmiszeripari el\u0151\u00edr\u00e1sokat \u00e9s k\u00f6vetelm\u00e9nyeket, nyomon k\u00f6vethet\u0151s\u00e9get biztos\u00edtunk a teljes folyamat sor\u00e1n, min\u0151s\u00e9g\u00fcnk biztos\u00edt\u00e1s\u00e1t pedig az audit\u00e1lt HACCP rendszer\u00fcnk garant\u00e1lja.<\/p>\n<blockquote><p>Az \u00e1ruk t\u00e1rol\u00e1s\u00e1n, mozgat\u00e1s\u00e1n k\u00edv\u00fcl az al\u00e1bbi hozz\u00e1adott \u00e9rt\u00e9k szolg\u00e1ltat\u00e1sinkkal is seg\u00edtj\u00fck Megb\u00edz\u00f3inkat:<\/p>\n<ul>\n<li>c\u00edmk\u00e9z\u00e9s<\/li>\n<li>z\u00e1rjegyez\u00e9s<\/li>\n<li>\u00f6sszecsomagol\u00e1sok<\/li>\n<li>v\u00e1mkezel\u00e9s<\/li>\n<li>j\u00f6ved\u00e9ki rakt\u00e1r kezel\u00e9se<\/li>\n<li>ad\u00f3rakt\u00e1r<\/li>\n<li>EKAER \u00fcgyint\u00e9z\u00e9s<\/li>\n<\/ul>\n<\/blockquote>\n<p>[\/et_pb_text][\/et_pb_column][et_pb_column type=&#8221;1_2&#8243; _builder_version=&#8221;4.19.5&#8243; background_color=&#8221;#f9f9f9&#8243; background_image=&#8221;https:\/\/www.adr-logistics.hu\/wp-content\/uploads\/elelmiszer-logisztika-szolgalt.jpg&#8221; custom_padding=&#8221;|||&#8221; global_colors_info=&#8221;{}&#8221; custom_padding__hover=&#8221;|||&#8221;][\/et_pb_column][\/et_pb_row][\/et_pb_section][et_pb_section fb_built=&#8221;1&#8243; _builder_version=&#8221;4.16&#8243; custom_padding=&#8221;0px|||&#8221; global_colors_info=&#8221;{}&#8221;][et_pb_row column_structure=&#8221;1_2,1_2&#8243; use_custom_gutter=&#8221;on&#8221; make_equal=&#8221;on&#8221; _builder_version=&#8221;4.19.5&#8243; custom_css_main_element=&#8221;align-items:center;&#8221; global_colors_info=&#8221;{}&#8221;][et_pb_column type=&#8221;1_2&#8243; _builder_version=&#8221;4.16&#8243; custom_padding=&#8221;|||&#8221; global_colors_info=&#8221;{}&#8221; custom_padding__hover=&#8221;|||&#8221;][et_pb_text admin_label=&#8221;Default Header&#8221; module_class=&#8221;default-header&#8221; _builder_version=&#8221;4.20.4&#8243; header_font=&#8221;||||||||&#8221; header_text_color=&#8221;#5dbb46&#8243; module_alignment=&#8221;right&#8221; global_colors_info=&#8221;{}&#8221;]<\/p>\n<h1>A rakt\u00e1r\u00e9p\u00fclet specifik\u00e1ci\u00f3ja:<\/h1>\n<p>[\/et_pb_text][et_pb_text _builder_version=&#8221;4.21.0&#8243; global_colors_info=&#8221;{}&#8221;]<\/p>\n<ul>\n<li><span>4.132\u00a0 n\u00e9gyzetm\u00e9ter b\u0151v\u00edthet\u0151 rakt\u00e1rkapacit\u00e1s<\/span><\/li>\n<li>11,5 m belmagass\u00e1g<\/li>\n<li><span>HACCP enged\u00e9ly<\/span><\/li>\n<li><span>automata t\u0171zjelz\u0151- \u00e9s olt\u00f3berendez\u00e9s<\/span><\/li>\n<li><span>k\u00f6zvetlen \u00f6sszek\u00f6ttet\u00e9s a beavatkoz\u00f3 szervekkel<\/span><\/li>\n<li><span>k\u00e1rment\u0151 medenc\u00e9k<\/span><\/li>\n<li><span>7\/24 \u00f3r\u00e1s biztons\u00e1gi \u0151rs\u00e9g, teljes <\/span>riaszt\u00f3rendszer, z\u00e1rt l\u00e1nc\u00fa kamerarendszer<\/li>\n<li><span>h\u0171v\u00f6s rakt\u00e1r el\u00e9rhet\u0151<\/span><\/li>\n<\/ul>\n<p>[\/et_pb_text][\/et_pb_column][et_pb_column type=&#8221;1_2&#8243; _builder_version=&#8221;4.16&#8243; custom_padding=&#8221;|||&#8221; global_colors_info=&#8221;{}&#8221; custom_padding__hover=&#8221;|||&#8221;][et_pb_blurb title=&#8221;Rakt\u00e1runk&#8221; image=&#8221;https:\/\/www.adr-logistics.hu\/wp-content\/uploads\/2023\/02\/elelmiszer-logisztika.jpg&#8221; image_icon_width=&#8221;87%&#8221; _builder_version=&#8221;4.20.4&#8243; header_level=&#8221;h6&#8243; header_font=&#8221;Poppins|700|||||||&#8221; header_text_align=&#8221;center&#8221; header_text_color=&#8221;#5dbb46&#8243; header_font_size=&#8221;20px&#8221; body_font=&#8221;Muli||||||||&#8221; body_text_align=&#8221;center&#8221; body_text_color=&#8221;#000000&#8243; body_font_size=&#8221;16px&#8221; body_line_height=&#8221;1.8em&#8221; background_color=&#8221;#ffffff&#8221; custom_padding=&#8221;65px|39px|61px|39px|false|true&#8221; border_radii=&#8221;on|10px|10px|10px|10px&#8221; box_shadow_style=&#8221;preset1&#8243; box_shadow_vertical=&#8221;39px&#8221; box_shadow_blur=&#8221;71px&#8221; box_shadow_spread=&#8221;9px&#8221; box_shadow_color=&#8221;rgba(96,73,51,0.08)&#8221; image_max_width=&#8221;87%&#8221; global_colors_info=&#8221;{}&#8221; custom_margin__hover_enabled=&#8221;on&#8221; custom_margin__hover=&#8221;-31px||&#8221; header_letter_spacing__hover_enabled=&#8221;on&#8221; header_letter_spacing__hover=&#8221;2px&#8221;]<\/p>\n<p>A rakt\u00e1runkban <span>szem\u00e9lyre szabott megold\u00e1sokat k\u00edn\u00e1lunk minden \u00fcgyfel\u00fcnk r\u00e9sz\u00e9re<\/span><\/p>\n<p>[\/et_pb_blurb][\/et_pb_column][\/et_pb_row][et_pb_row _builder_version=&#8221;4.19.5&#8243; _module_preset=&#8221;default&#8221; width=&#8221;90%&#8221; custom_padding=&#8221;||||false|false&#8221; global_colors_info=&#8221;{}&#8221;][et_pb_column type=&#8221;4_4&#8243; _builder_version=&#8221;4.19.5&#8243; _module_preset=&#8221;default&#8221; global_colors_info=&#8221;{}&#8221;][et_pb_gallery gallery_ids=&#8221;114,277,312,921&#8243; show_title_and_caption=&#8221;off&#8221; show_pagination=&#8221;off&#8221; _builder_version=&#8221;4.21.0&#8243; _module_preset=&#8221;default&#8221; caption_text_color=&#8221;RGBA(255,255,255,0)&#8221; caption_font_size=&#8221;0px&#8221; background_color=&#8221;RGBA(255,255,255,0)&#8221; custom_margin=&#8221;0px|0px|0px|0px|false|false&#8221; custom_padding=&#8221;0px|0px|0px|0px|false|false&#8221; global_colors_info=&#8221;{}&#8221;][\/et_pb_gallery][\/et_pb_column][\/et_pb_row][\/et_pb_section]<\/p>\n","protected":false},"excerpt":{"rendered":"<p>\u00c9lelmiszer logisztika \u00c9lelmiszer logisztikaFelszolg\u00e1lva. Els\u0151k\u00e9nt. Az ADR Logistics Kft. felismerte azt a t\u00e9nyt, hogy a pr\u00e9mium \u00e9lelmiszerek \u00e9s italok gy\u00e1rt\u00f3i is szem\u00e9lyre szabott megold\u00e1sokat ig\u00e9nyelnek a szolg\u00e1ltat\u00f3kt\u00f3l. Ez\u00e9rt 2001-ben megalap\u00edtottuk, \u00e9s az\u00f3ta folyamatosan fejlesztj\u00fck \u00c9lelmiszer logisztikai \u00fczlet\u00e1gunkat, amely m\u00e1r a v\u00e1llalatunk egyik meghat\u00e1roz\u00f3 r\u00e9sz\u00e9v\u00e9 v\u00e1lt, \u00e9s jelent\u0151s b\u0151v\u00edt\u00e9s\u00e9vel 2017-ben megnyitottuk \u00faj \u00e9lelmiszer rakt\u00e1runkat Gy\u00e1lon. Szigor\u00faan [&hellip;]<\/p>\n","protected":false},"author":1,"featured_media":0,"parent":0,"menu_order":0,"comment_status":"closed","ping_status":"closed","template":"","meta":{"_et_pb_use_builder":"on","_et_pb_old_content":"","_et_gb_content_width":"","footnotes":""},"class_list":["post-55","page","type-page","status-publish","hentry"],"_links":{"self":[{"href":"https:\/\/www.adr-logistics.hu\/en\/wp-json\/wp\/v2\/pages\/55","targetHints":{"allow":["GET"]}}],"collection":[{"href":"https:\/\/www.adr-logistics.hu\/en\/wp-json\/wp\/v2\/pages"}],"about":[{"href":"https:\/\/www.adr-logistics.hu\/en\/wp-json\/wp\/v2\/types\/page"}],"author":[{"embeddable":true,"href":"https:\/\/www.adr-logistics.hu\/en\/wp-json\/wp\/v2\/users\/1"}],"replies":[{"embeddable":true,"href":"https:\/\/www.adr-logistics.hu\/en\/wp-json\/wp\/v2\/comments?post=55"}],"version-history":[{"count":25,"href":"https:\/\/www.adr-logistics.hu\/en\/wp-json\/wp\/v2\/pages\/55\/revisions"}],"predecessor-version":[{"id":1076,"href":"https:\/\/www.adr-logistics.hu\/en\/wp-json\/wp\/v2\/pages\/55\/revisions\/1076"}],"wp:attachment":[{"href":"https:\/\/www.adr-logistics.hu\/en\/wp-json\/wp\/v2\/media?parent=55"}],"curies":[{"name":"wp","href":"https:\/\/api.w.org\/{rel}","templated":true}]}}