{"id":61,"date":"2023-02-17T13:44:46","date_gmt":"2023-02-17T13:44:46","guid":{"rendered":"https:\/\/demo.hellowp.io\/1\/?page_id=27"},"modified":"2023-06-06T19:14:41","modified_gmt":"2023-06-06T19:14:41","slug":"cookie-notice","status":"publish","type":"page","link":"https:\/\/www.adr-logistics.hu\/en\/cookie-nyilatkozat\/","title":{"rendered":"Cookie notice"},"content":{"rendered":"<p>[et_pb_section fb_built=&#8221;1&#8243; admin_label=&#8221;section&#8221; _builder_version=&#8221;4.16&#8243; global_colors_info=&#8221;{}&#8221;][et_pb_row admin_label=&#8221;row&#8221; _builder_version=&#8221;4.16&#8243; background_size=&#8221;initial&#8221; background_position=&#8221;top_left&#8221; background_repeat=&#8221;repeat&#8221; global_colors_info=&#8221;{}&#8221;][et_pb_column type=&#8221;4_4&#8243; _builder_version=&#8221;4.16&#8243; custom_padding=&#8221;|||&#8221; global_colors_info=&#8221;{}&#8221; custom_padding__hover=&#8221;|||&#8221;][et_pb_text admin_label=&#8221;Text&#8221; _builder_version=&#8221;4.20.4&#8243; background_size=&#8221;initial&#8221; background_position=&#8221;top_left&#8221; background_repeat=&#8221;repeat&#8221; global_colors_info=&#8221;{}&#8221;]<\/p>\n<h2>1. Az Adatkezel\u0151<\/h2>\n<p><strong>ADR LOGISTICS KFT.<\/strong><\/p>\n<ul>\n<li>sz\u00e9khely: 2360 Gy\u00e1l &#8211; Ak\u00e1cliget Logisztikai K\u00f6zpont &#8211; Gorcsev Iv\u00e1n utca 5. sz.<\/li>\n<li>e-mail: <a href=\"mailto:info@adr-logistics.hu\">info@adr-logistics.hu<\/a><\/li>\n<li>honlap: https:\/\/www.adr-logistics.hu<\/li>\n<li>(a tov\u00e1bbiakban: az \u201eAdatkezel\u0151\u201d)<\/li>\n<\/ul>\n<p><strong>Amennyiben a s\u00fctit m\u00e1s \u00fczemelteti (pl.: Facebook) a s\u00fctiben r\u00f6gz\u00edtett adatok megk\u00fcld\u00e9sre ker\u00fclnek az \u00fczemeltet\u0151 fel\u00e9. Az ilyen \u00fczemeltet\u0151k k\u00fcl\u00f6n, t\u0151l\u00fcnk f\u00fcggetlen adatkezel\u0151k. Az adatkezel\u00e9si t\u00e1j\u00e9koztat\u00f3juk el\u00e9rhet\u0151s\u00e9g\u00e9t az adott s\u00fcti le\u00edr\u00e1s\u00e1ban t\u00fcntett\u00fck fel.<\/strong><\/p>\n<p><strong><\/strong><\/p>\n<p><strong><\/strong><\/p>\n<h2>2. Mi az a s\u00fcti?<\/h2>\n<p>A s\u00fcti (cookie) egy olyan kism\u00e9ret\u0171 sz\u00f6vegf\u00e1jl, amely a sz\u00e1m\u00edt\u00f3g\u00e9p vagy a mobil eszk\u00f6z merevlemez\u00e9n t\u00e1rol\u00f3dik a s\u00fctiben be\u00e1ll\u00edtott lej\u00e1rati ideig \u00e9s a k\u00e9s\u0151bbi l\u00e1togat\u00e1sokkor aktiv\u00e1l\u00f3dik (visszajelez a webkiszolg\u00e1l\u00f3nak). A honlapok s\u00fctiket haszn\u00e1lnak azzal a c\u00e9llal, hogy r\u00f6gz\u00edts\u00e9k a l\u00e1togat\u00e1ssal kapcsolatos inform\u00e1ci\u00f3kat (megl\u00e1togatott oldalak, az oldalakon t\u00f6lt\u00f6tt id\u0151, b\u00f6ng\u00e9sz\u00e9si adatok, kil\u00e9p\u00e9sek stb.), illetve a szem\u00e9lyes be\u00e1ll\u00edt\u00e1sokat. Ez az eszk\u00f6z seg\u00edt a felhaszn\u00e1l\u00f3bar\u00e1t honlap kialak\u00edt\u00e1s\u00e1ban, a l\u00e1togat\u00f3k online \u00e9lm\u00e9ny\u00e9nek fokoz\u00e1sa \u00e9rdek\u00e9ben.<\/p>\n<p>A s\u00fctiket idej\u00fck, feladatuk \u00e9s sz\u00e1rmaz\u00e1suk alapj\u00e1n az al\u00e1bbiak szerint k\u00fcl\u00f6nb\u00f6ztetj\u00fck meg:<\/p>\n<p>&nbsp;<\/p>\n<h4>2.1. Munkamenet \u00e9s \u00e1lland\u00f3 s\u00fctik<\/h4>\n<p>A s\u00fctik lej\u00e1rati idej\u00fck szerint k\u00e9t t\u00edpus\u00e1t k\u00fcl\u00f6nb\u00f6ztetj\u00fck meg: \u201cmunkamenet s\u00fctik\u201d \u00e9s \u201c\u00e1lland\u00f3 s\u00fctik\u201d.<\/p>\n<p>A<span>\u00a0<\/span><strong>\u201cmunkamenet s\u00fctik\u201d<\/strong><span>\u00a0<\/span>(session cookie) a sz\u00e1m\u00edt\u00f3g\u00e9p, notebook vagy mobileszk\u00f6z csak ideiglenesen t\u00e1rolja, mindaddig, am\u00edg a l\u00e1togat\u00f3 el nem hagyja az adott honlapot; ezek a s\u00fctik seg\u00edtenek a rendszernek, hogy inform\u00e1ci\u00f3t jegyezzen meg, \u00edgy nem kell ism\u00e9telten megadni vagy kit\u00f6lteni az adott inform\u00e1ci\u00f3t. A munkamenet s\u00fctik \u00e9rv\u00e9nyess\u00e9gi ideje kiz\u00e1r\u00f3lag a felhaszn\u00e1l\u00f3 aktu\u00e1lis munkamenet\u00e9re korl\u00e1toz\u00f3dik, c\u00e9ljuk az adatveszt\u00e9s megakad\u00e1lyoz\u00e1sa (p\u00e9ld\u00e1ul egy hosszabb \u0171rlap kit\u00f6lt\u00e9se sor\u00e1n). A munkamenet v\u00e9gezt\u00e9vel, illetve a b\u00f6ng\u00e9sz\u0151 bez\u00e1r\u00e1s\u00e1val a s\u00fctik e fajt\u00e1ja automatikusan t\u00f6rl\u0151dik a l\u00e1togat\u00f3 sz\u00e1m\u00edt\u00f3g\u00e9pr\u0151l.<\/p>\n<p>A<span>\u00a0<\/span><strong>\u201c\u00e1lland\u00f3 s\u00fctik\u201d<\/strong><span>\u00a0<\/span>(persistent cookie) a honlap elhagy\u00e1s\u00e1t k\u00f6vet\u0151en is t\u00e1rol\u00f3dnak a sz\u00e1m\u00edt\u00f3g\u00e9pen, notebookon vagy mobileszk\u00f6z\u00f6n. Ezen s\u00fctik seg\u00edts\u00e9g\u00e9vel a honlap felismeri a l\u00e1togat\u00f3t, mint visszat\u00e9r\u0151 l\u00e1togat\u00f3t. Minden olyan esetben, ahol a felhaszn\u00e1l\u00f3 hiteles\u00edt\u00e9se elengedhetetlen \u2013 pl. web\u00e1ruh\u00e1z, netbank, webmail \u2013 a helyes m\u0171k\u00f6d\u00e9s sz\u00fcks\u00e9ges felt\u00e9telei. A maradand\u00f3 s\u00fctik \u00f6nmagukban nem hordoznak szem\u00e9lyes adatot \u00e9s csak a kiszolg\u00e1l\u00f3 adatb\u00e1zis\u00e1ban t\u00e1rol \u00f6sszerendel\u00e9ssel egy\u00fctt alkalmasak a felhaszn\u00e1l\u00f3 azonos\u00edt\u00e1s\u00e1ra.<span>\u00a0<\/span><strong>Az \u00e1lland\u00f3 s\u00fctik lej\u00e1rati idej\u00e9t a s\u00fcti le\u00edr\u00e1s\u00e1n\u00e1l t\u00fcntett\u00fck fel.<\/strong><\/p>\n<p><strong><\/strong><\/p>\n<h4>2.2. Saj\u00e1t \u00e9s k\u00fcls\u0151 s\u00fctik<\/h4>\n<p>Amennyiben a mi webszerver\u00fcnk telep\u00edti az eszk\u00f6zre a s\u00fctit, saj\u00e1t s\u00fctir\u0151l besz\u00e9lhet\u00fcnk, m\u00edg, ha a s\u00fcti forr\u00e1sa k\u00fcls\u0151 szolg\u00e1ltat\u00f3 (pl.: Google) \u00e1ltal az \u00e9rintett honlapba bef\u0171z\u00f6tt k\u00f3d, k\u00fcls\u0151 s\u00fctir\u0151l van sz\u00f3.<\/p>\n<p>&nbsp;<\/p>\n<h4>2.3. Sz\u00fcks\u00e9ges, statisztikai \u00e9s marketing s\u00fctik<\/h4>\n<p>A<span>\u00a0<\/span><strong>\u201esz\u00fcks\u00e9ges s\u00fcti\u201d<\/strong><span>\u00a0<\/span>a honlap m\u0171k\u00f6d\u00e9s\u00e9hez elengedhetetlen funkci\u00f3kat biztos\u00edt. (Ilyen pl.: \u0171rlap kit\u00f6lt\u00e9si seg\u00e9dlet) Mivel a s\u00fcti n\u00e9lk\u00fcl a honlap nem m\u0171k\u00f6dhet, a haszn\u00e1lat\u00e1hoz nincs sz\u00fcks\u00e9g a l\u00e1togat\u00f3 hozz\u00e1j\u00e1rul\u00e1s\u00e1ra.<\/p>\n<p>A<span>\u00a0<\/span><strong>\u201estatisztikai s\u00fcti\u201d<\/strong><span>\u00a0<\/span>statisztikai adatokat gy\u0171jt arr\u00f3l, hogyan haszn\u00e1lja a l\u00e1togat\u00f3 a honlapot, mely t\u00e9m\u00e1kat tekint meg, mire klikkel, hogyan g\u00f6rgeti a honlapot. Innen tudjuk pl.: mely cikkek a legn\u00e9zettebbek. Az ilyen s\u00fcti haszn\u00e1lata nem elengedhetetlen, \u00edgy alkalmaz\u00e1s\u00e1hoz a l\u00e1togat\u00f3 hozz\u00e1j\u00e1rul\u00e1s\u00e1ra van sz\u00fcks\u00e9g.<\/p>\n<p>A<span>\u00a0<\/span><strong>\u201emarketing s\u00fcti\u201d<\/strong><span>\u00a0<\/span>c\u00e9lja a c\u00e9lzott, szem\u00e9lyre szabott rekl\u00e1mok megjelen\u00edt\u00e9se a k\u00fcl\u00f6nb\u00f6z\u0151 rekl\u00e1mfel\u00fcleteken (pl.: Google, Facebook). Ez a s\u00fcti elemzi pl.: a honlap megtekint\u00e9s\u00e9nek m\u00f3dj\u00e1t, hely\u00e9t, r\u00f6gz\u00edti a l\u00e1togat\u00e1sok sz\u00e1m\u00e1t, a megtekintett vide\u00f3kat.<\/p>\n<p><strong>A s\u00fctik pontos feladat\u00e1t a le\u00edr\u00e1sban jelezz\u00fck.<\/strong><\/p>\n<p><strong><\/strong><\/p>\n<p><strong><\/strong><\/p>\n<h2>3. Milyen s\u00fctit haszn\u00e1lunk?<\/h2>\n<p>&nbsp;<\/p>\n<h4>3.1. A honlap m\u0171k\u00f6d\u00e9s\u00e9hez elengedhetetlen s\u00fctik<\/h4>\n<p><u>Az adatkezel\u00e9s jogalapja:<\/u><span>\u00a0<\/span>Az elektronikus kereskedelmi szolg\u00e1ltat\u00e1sok, valamint az inform\u00e1ci\u00f3s t\u00e1rsadalommal \u00f6sszef\u00fcgg\u0151 szolg\u00e1ltat\u00e1sok egyes k\u00e9rd\u00e9seir\u0151l sz\u00f3l\u00f3 2001. \u00e9vi CVIII. t\u00f6rv\u00e9ny 13\/A. \u00a7 (3) bekezd\u00e9se alapj\u00e1n a honlap megfelel\u0151 m\u0171k\u00f6d\u00e9s\u00e9hez f\u0171z\u0151d\u0151 jogos \u00e9rdek\u00fcnk. A s\u00fcti t\u00f6rl\u00e9se eset\u00e9n a s\u00fctihez tartoz\u00f3 funkci\u00f3 (c\u00e9l) nem val\u00f3sul meg.<\/p>\n<p>&nbsp;<\/p>\n<table class=\"cookie-info\">\n<tbody>\n<tr>\n<td><strong>n\u00e9v<\/strong><\/td>\n<td><strong>c\u00e9l<\/strong><\/td>\n<td><strong>adatkezel\u00e9si id\u0151<\/strong><\/td>\n<td><strong>s\u00fctiszolg\u00e1ltat\u00f3<br \/>(adatkezel\u00e9si t\u00e1j\u00e9koztat\u00f3)<\/strong><\/td>\n<\/tr>\n<tr>\n<td><strong>_cf_bm<\/strong><\/td>\n<td>Ez a s\u00fcti megk\u00fcl\u00f6nb\u00f6zteti a val\u00f3di, valamint a robotok \u00e1ltali l\u00e1togat\u00e1st.<\/td>\n<td>1 (egy) nap<\/td>\n<td rowspan=\"2\">Saj\u00e1t s\u00fcti<\/td>\n<\/tr>\n<tr>\n<td><strong>cookielawinfo-checkbox-necessary; cookielawinfo-checkbox-non-necessary<\/strong><\/td>\n<td>A l\u00e1togat\u00f3 s\u00fcti be\u00e1llat\u00e1sait r\u00f6gz\u00edti.<\/td>\n<td>1 (egy) \u00e9v<\/td>\n<\/tr>\n<tr>\n<td><strong>CONSENT<\/strong><\/td>\n<td>R\u00f6gz\u00edti, hogy a l\u00e1togat\u00f3 j\u00f3v\u00e1hagyta-e a marketing s\u00fctik haszn\u00e1lat\u00e1t.<\/td>\n<td>2 (kett\u0151) \u00e9v<\/td>\n<td><strong>Google<\/strong><br \/>T\u00e1j\u00e9koztat\u00e1s az adatkezel\u00e9sr\u0151l:<br \/><u>https:\/\/policies.google.com\/privacy?hl=hu<\/u><\/td>\n<\/tr>\n<tr>\n<td><strong>CONSENT<\/strong><\/td>\n<td>R\u00f6gz\u00edti, hogy a l\u00e1togat\u00f3 j\u00f3v\u00e1hagyta-e a marketing s\u00fctik haszn\u00e1lat\u00e1t.<\/td>\n<td>2 (kett\u0151) \u00e9v<\/td>\n<td><strong>Google(Youtube)<\/strong><br \/>T\u00e1j\u00e9koztat\u00e1s az adatkezel\u00e9sr\u0151l:<br \/><u>https:\/\/policies.google.com\/privacy?hl=hu<\/u><br \/><u>https:\/\/policies.google.com\/technologies\/product-privacy?hl=hu<\/u><\/td>\n<\/tr>\n<\/tbody>\n<\/table>\n<p>&nbsp;<\/p>\n<h4>3.2. Statisztikai adatokat gy\u0171jt\u0151 s\u00fctik<\/h4>\n<p><u>Az adatkezel\u00e9s jogalapja:<\/u><span>\u00a0<\/span>A l\u00e1togat\u00f3 hozz\u00e1j\u00e1rul\u00e1sa, amelyet a honlapon felugr\u00f3 ablakban ad meg. A hozz\u00e1j\u00e1rul\u00e1s b\u00e1rmikor visszavonhat\u00f3, a visszavon\u00e1s azonban nem \u00e9rinti az azt megel\u0151z\u0151 adatkezel\u00e9s jogszer\u0171s\u00e9g\u00e9t. Visszavon\u00e1s eset\u00e9n nem kapunk adatot a b\u00f6ng\u00e9sz\u00e9sre vonatokoz\u00f3an.<\/p>\n<table class=\"cookie-info\">\n<tbody>\n<tr>\n<td><strong>n\u00e9v<\/strong><\/td>\n<td><strong>c\u00e9l<\/strong><\/td>\n<td><strong>adatkezel\u00e9si id\u0151<\/strong><\/td>\n<td><strong>s\u00fctiszolg\u00e1ltat\u00f3<br \/>(adatkezel\u00e9si t\u00e1j\u00e9koztat\u00f3)<\/strong><\/td>\n<\/tr>\n<tr>\n<td><strong>_ga<\/strong><\/td>\n<td rowspan=\"2\">Ez a cookie figyeli, hogyan haszn\u00e1lja a l\u00e1togat\u00f3 a honlapot, mely t\u00e9m\u00e1kat tekint meg, mire klikkel, hogyan g\u00f6rgeti a honlapot, mely oldalakat l\u00e1togat meg.<\/td>\n<td>2 (Kett\u0151) \u00e9v<\/td>\n<td rowspan=\"2\">Saj\u00e1t s\u00fcti<\/td>\n<\/tr>\n<tr>\n<td><strong>_gat<br \/>_gid<\/strong><\/td>\n<td>1(Egy) nap<\/td>\n<\/tr>\n<\/tbody>\n<\/table>\n<h4><\/h4>\n<h4>3.3. Marketing c\u00e9l\u00fa cookiek<\/h4>\n<p>Az adatkezel\u00e9s jogalapja: A l\u00e1togat\u00f3 hozz\u00e1j\u00e1rul\u00e1sa, amelyet a honlapon felugr\u00f3 ablakban ad meg. A hozz\u00e1j\u00e1rul\u00e1s b\u00e1rmikor visszavonhat\u00f3, a visszavon\u00e1s azonban nem \u00e9rinti az azt megel\u0151z\u0151 adatkezel\u00e9s jogszer\u0171s\u00e9g\u00e9t. Visszavon\u00e1s eset\u00e9n nem kapunk adatot a b\u00f6ng\u00e9sz\u00e9sre vonatokoz\u00f3an.<\/p>\n<p>&nbsp;<\/p>\n<table class=\"cookie-info\">\n<tbody>\n<tr>\n<td><strong>n\u00e9v<\/strong><\/td>\n<td><strong>c\u00e9l<\/strong><\/td>\n<td><strong>adatkezel\u00e9si id\u0151<\/strong><\/td>\n<td><strong>s\u00fctiszolg\u00e1ltat\u00f3<br \/>(adatkezel\u00e9si t\u00e1j\u00e9koztat\u00f3)<\/strong><\/td>\n<\/tr>\n<tr>\n<td><strong>VISITOR_INFO1_LIVE<\/strong><\/td>\n<td>A l\u00e1togat\u00f3 s\u00e1vsz\u00e9less\u00e9g\u00e9t azonos\u00edtja be.<\/td>\n<td>179 (sz\u00e1zhetvenkilenc) nap<\/td>\n<td rowspan=\"5\"><strong>Google(Youtube)<\/strong><br \/>T\u00e1j\u00e9koztat\u00e1s az adatkezel\u00e9sr\u0151l:<br \/><u>https:\/\/policies.google.com\/privacy?hl=hu<\/u><br \/><u>https:\/\/policies.google.com\/technologies\/product-privacy?hl=hu<\/u><\/td>\n<\/tr>\n<tr>\n<td><strong>YSC<\/strong><\/td>\n<td rowspan=\"2\">A megn\u00e9zett youtube vide\u00f3kr\u00f3l vezet statisztik\u00e1t.<\/td>\n<td>A l\u00e1togat\u00e1s idej\u00e9ig<\/td>\n<\/tr>\n<tr>\n<td><strong>yt.innertube::requests<br \/>yt.innertube::nextId<\/strong><\/td>\n<td>\u00c1lland\u00f3 s\u00fcti<\/td>\n<\/tr>\n<tr>\n<td><strong>yt-remote-fast-check-period<br \/>yt-remote-session-app<br \/>yt-remote-session-name<br \/>yt-remote-cast-installed<br \/>yt-remote-cast-available<\/strong><\/td>\n<td rowspan=\"2\">A vide\u00f3 lej\u00e1tsz\u00f3n alkalmazott be\u00e1ll\u00edt\u00e1sokat \u00e9s megjelen\u00edt\u00e9st r\u00f6gz\u00edti.<\/td>\n<td>A l\u00e1togat\u00e1s idej\u00e9ig<\/td>\n<\/tr>\n<tr>\n<td><strong>yt-remote-connected-devices<br \/>yt-remote-device-id<br \/>ytidb::LAST_RESULT_ENTRY_KEY<\/strong><\/td>\n<td>\u00c1lland\u00f3 s\u00fcti<\/td>\n<\/tr>\n<tr>\n<td><strong>tr<\/strong><\/td>\n<td rowspan=\"3\">A szem\u00e9lyre szabott Facebook hirdet\u00e9sek megjelen\u00edt\u00e9s\u00e9t seg\u00edti.<\/td>\n<td>A l\u00e1togat\u00e1s idej\u00e9ig tart<\/td>\n<td rowspan=\"2\"><strong>Facebook<\/strong><br \/>T\u00e1j\u00e9koztat\u00e1s az adatkezel\u00e9sr\u0151l:<br \/><u>https:\/\/www.facebook.com\/privacy\/explanation<\/u><\/td>\n<\/tr>\n<tr>\n<td><strong>fr<\/strong><\/td>\n<td>3 (H\u00e1rom) h\u00f3nap<\/td>\n<\/tr>\n<tr>\n<td><strong>_fbp<\/strong><\/td>\n<td>3 (H\u00e1rom) h\u00f3nap<\/td>\n<td>Saj\u00e1t s\u00fcti<\/td>\n<\/tr>\n<tr>\n<td><strong>ads\/ga-audiences<\/strong><\/td>\n<td>A l\u00e1togat\u00f3 l\u00e9p\u00e9seit elemzi az egyes rekl\u00e1mokra t\u00f6rt\u00e9n\u0151 klikkel\u00e9sek ut\u00e1n, annak \u00e9rdek\u00e9ben, hogy m\u00e9rje a rekl\u00e1mok hat\u00e9konys\u00e1g\u00e1t \u00e9s szem\u00e9lyre szabott hirdet\u00e9seket jelen\u00edtsen meg a Google rekl\u00e1m fel\u00fcleteken.<\/td>\n<td>A l\u00e1togat\u00e1s idej\u00e9ig tart.<\/td>\n<td><strong>Google(AdWords)<\/strong><br \/>T\u00e1j\u00e9koztat\u00e1s az adatkezel\u00e9sr\u0151l:<br \/><u>https:\/\/support.google.com\/admanager\/answer\/2839090?hl=hu<\/u><br \/><u>https:\/\/policies.google.com\/privacy?hl=hu<\/u><\/td>\n<\/tr>\n<tr>\n<td><strong>_gcl_au<\/strong><\/td>\n<td>A l\u00e1togat\u00f3 l\u00e9p\u00e9seit elemzi az egyes rekl\u00e1mokra t\u00f6rt\u00e9n\u0151 klikkel\u00e9sek ut\u00e1n, annak \u00e9rdek\u00e9ben, hogy m\u00e9rje a rekl\u00e1mok hat\u00e9konys\u00e1g\u00e1t \u00e9s szem\u00e9lyre szabott hirdet\u00e9seket jelen\u00edtsen meg a Google rekl\u00e1m fel\u00fcleteken.<\/td>\n<td>3 (H\u00e1rom) h\u00f3nap<\/td>\n<td>Saj\u00e1t s\u00fcti<\/td>\n<\/tr>\n<\/tbody>\n<\/table>\n<p>&nbsp;<\/p>\n<h2>4. Hogyan enged\u00e9lyezhetem, vagy tilthatom le a s\u00fctiket?<\/h2>\n<p>A be\u00e1ll\u00edt\u00e1sokat a honlapon felugr\u00f3 ablakban lehet megtenni \u00e9s\/vagy a b\u00f6ng\u00e9sz\u0151ben. Mivel minden b\u00f6ng\u00e9sz\u0151 elt\u00e9r\u0151, egy\u00e9nileg, a b\u00f6ng\u00e9sz\u0151 eszk\u00f6zt\u00e1ra seg\u00edts\u00e9g\u00e9vel lehet be\u00e1ll\u00edtani a s\u00fctikkel kapcsolatos preferenci\u00e1kat, \u00edgy azok t\u00f6rl\u00e9s\u00e9t is. A be\u00e1ll\u00edt\u00e1sokkal kapcsolatos tov\u00e1bbi tudnival\u00f3k a b\u00f6ng\u00e9sz\u0151 S\u00fag\u00f3j\u00e1ban tal\u00e1lhat\u00f3k, vagy a lenti linkeken k\u00f6zvetlen\u00fcl (Ctrl+bal eg\u00e9rgomb).<\/p>\n<p><a href=\"https:\/\/support.microsoft.com\/hu-hu\/help\/17442\/windows-internet-explorer-delete-manage-cookies\" target=\"_blank\" rel=\"noopener\">Link a Microsoft s\u00fcti be\u00e1ll\u00edt\u00e1si \u00fatmutat\u00f3j\u00e1hoz.<\/a><\/p>\n<p><a href=\"https:\/\/support.mozilla.org\/hu\/kb\/sutik-engedelyezese-es-tiltasa-amit-weboldak-haszn\" target=\"_blank\" rel=\"noopener\">Link a Mozilla Firefox s\u00fcti be\u00e1ll\u00edt\u00e1si \u00fatmutat\u00f3j\u00e1hoz.<\/a><\/p>\n<p><a href=\"https:\/\/support.google.com\/chrome\/answer\/95647?co=GENIE.Platform%3DDesktop&amp;hl=hu\" target=\"_blank\" rel=\"noopener\">Link a Google Chrome s\u00fcti be\u00e1ll\u00edt\u00e1si \u00fatmutat\u00f3j\u00e1hoz.<\/a><\/p>\n<p><a href=\"http:\/\/help.opera.com\/Windows\/10.20\/hu\/cookies.html\" target=\"_blank\" rel=\"noopener\">Link az Opera s\u00fcti be\u00e1ll\u00edt\u00e1si \u00fatmutat\u00f3j\u00e1hoz<\/a><\/p>\n<p><a href=\"https:\/\/support.apple.com\/hu-hu\/guide\/safari\/sfri11471\/mac\" target=\"_blank\" rel=\"noopener\">Link az Apple Safari s\u00fcti be\u00e1ll\u00edt\u00e1si \u00fatmutat\u00f3j\u00e1hoz.<\/a><\/p>\n<p>&nbsp;<\/p>\n<p><i>Utols\u00f3 friss\u00edt\u00e9s: 2023. \u00e1prilis 22.<\/i><\/p>\n<p><!-- \/divi:paragraph --><\/p>\n<p><!-- divi:paragraph -->\u00a0<\/p>\n<p><!-- \/divi:paragraph --><\/p>\n<p><!-- divi:paragraph -->\u00a0<\/p>\n<p><!-- \/divi:paragraph --><\/p>\n<p>[\/et_pb_text][et_pb_code _builder_version=&#8221;4.21.0&#8243; _module_preset=&#8221;default&#8221; hover_enabled=&#8221;0&#8243; sticky_enabled=&#8221;0&#8243;]<\/p>\n<style>html, body {<!-- [et_pb_line_break_holder] -->    max-width: 100%;<!-- [et_pb_line_break_holder] -->    overflow-x: auto;<!-- [et_pb_line_break_holder] -->}<!-- [et_pb_line_break_holder] --><\/style>\n<p>[\/et_pb_code][\/et_pb_column][\/et_pb_row][\/et_pb_section]<\/p>\n","protected":false},"excerpt":{"rendered":"<p>1. Az Adatkezel\u0151 ADR LOGISTICS KFT. sz\u00e9khely: 2360 Gy\u00e1l &#8211; Ak\u00e1cliget Logisztikai K\u00f6zpont &#8211; Gorcsev Iv\u00e1n utca 5. sz. e-mail: info@adr-logistics.hu honlap: https:\/\/www.adr-logistics.hu (a tov\u00e1bbiakban: az \u201eAdatkezel\u0151\u201d) Amennyiben a s\u00fctit m\u00e1s \u00fczemelteti (pl.: Facebook) a s\u00fctiben r\u00f6gz\u00edtett adatok megk\u00fcld\u00e9sre ker\u00fclnek az \u00fczemeltet\u0151 fel\u00e9. Az ilyen \u00fczemeltet\u0151k k\u00fcl\u00f6n, t\u0151l\u00fcnk f\u00fcggetlen adatkezel\u0151k. Az adatkezel\u00e9si t\u00e1j\u00e9koztat\u00f3juk el\u00e9rhet\u0151s\u00e9g\u00e9t az [&hellip;]<\/p>\n","protected":false},"author":1,"featured_media":0,"parent":0,"menu_order":0,"comment_status":"closed","ping_status":"closed","template":"","meta":{"_et_pb_use_builder":"on","_et_pb_old_content":"<!-- wp:paragraph -->\n<p>Cookei nyilatkozat helye<\/p>\n<!-- \/wp:paragraph -->\n\n<!-- wp:paragraph -->\n<p><\/p>\n<!-- \/wp:paragraph -->\n\n<!-- wp:paragraph -->\n<p><\/p>\n<!-- \/wp:paragraph -->","_et_gb_content_width":"1080","footnotes":""},"class_list":["post-61","page","type-page","status-publish","hentry"],"_links":{"self":[{"href":"https:\/\/www.adr-logistics.hu\/en\/wp-json\/wp\/v2\/pages\/61","targetHints":{"allow":["GET"]}}],"collection":[{"href":"https:\/\/www.adr-logistics.hu\/en\/wp-json\/wp\/v2\/pages"}],"about":[{"href":"https:\/\/www.adr-logistics.hu\/en\/wp-json\/wp\/v2\/types\/page"}],"author":[{"embeddable":true,"href":"https:\/\/www.adr-logistics.hu\/en\/wp-json\/wp\/v2\/users\/1"}],"replies":[{"embeddable":true,"href":"https:\/\/www.adr-logistics.hu\/en\/wp-json\/wp\/v2\/comments?post=61"}],"version-history":[{"count":8,"href":"https:\/\/www.adr-logistics.hu\/en\/wp-json\/wp\/v2\/pages\/61\/revisions"}],"predecessor-version":[{"id":1040,"href":"https:\/\/www.adr-logistics.hu\/en\/wp-json\/wp\/v2\/pages\/61\/revisions\/1040"}],"wp:attachment":[{"href":"https:\/\/www.adr-logistics.hu\/en\/wp-json\/wp\/v2\/media?parent=61"}],"curies":[{"name":"wp","href":"https:\/\/api.w.org\/{rel}","templated":true}]}}